{"id":3,"date":"2024-05-22T23:21:28","date_gmt":"2024-05-22T23:21:28","guid":{"rendered":"http:\/\/medirelax.nl\/?page_id=3"},"modified":"2024-06-03T23:18:31","modified_gmt":"2024-06-03T23:18:31","slug":"informativa-sulla-privacy","status":"publish","type":"page","link":"https:\/\/medirelax.nl\/it\/informativa-sulla-privacy\/","title":{"rendered":"Informativa sulla privacy"},"content":{"rendered":"<h3 class=\"wp-block-heading\">Informativa sulla privacy per MediRelaxa<\/h3>\n\n\n\n<p>Medirelaxa.com si impegna a proteggere i vostri dati personali. La presente informativa sulla privacy descrive le modalit\u00e0 di raccolta, utilizzo e protezione delle informazioni quando si visita il nostro sito web e si acquistano prodotti da noi. Utilizzando il nostro sito web, l'utente accetta i termini della presente informativa sulla privacy.<\/p>\n\n\n\n<h4 class=\"wp-block-heading\">1. Raccolta dei dati personali<\/h4>\n\n\n\n<p>Raccogliamo diversi tipi di informazioni per fornire e migliorare i nostri servizi all'utente. Queste possono includere:<\/p>\n\n\n\n<ul class=\"wp-block-list\">\n<li><strong>Informazioni di contatto<\/strong>Come nome, indirizzo, indirizzo e-mail e numero di telefono.<\/li>\n\n\n\n<li><strong>Informazioni sul pagamento<\/strong>come i numeri delle carte di credito e i dati di fatturazione.<\/li>\n\n\n\n<li><strong>Dati di utilizzo<\/strong>come gli indirizzi IP, le informazioni sul browser, le pagine visitate e gli orari delle visite.<\/li>\n\n\n\n<li><strong>Dati sulle comunicazioni<\/strong>come i messaggi che ci inviate tramite e-mail, moduli di contatto o altri canali di comunicazione.<\/li>\n<\/ul>\n\n\n\n<h4 class=\"wp-block-heading\">2. Utilizzo dei dati personali<\/h4>\n\n\n\n<p>Utilizziamo le informazioni raccolte per vari scopi:<\/p>\n\n\n\n<ul class=\"wp-block-list\">\n<li><strong>Elaborazione dell'ordine<\/strong>: per elaborare e consegnare i vostri ordini.<\/li>\n\n\n\n<li><strong>Servizio clienti<\/strong>: per rispondere alle vostre domande e richieste.<\/li>\n\n\n\n<li><strong>Comunicazioni<\/strong>per tenervi informati sul vostro ordine e per inviarvi informazioni sui nostri prodotti e servizi.<\/li>\n\n\n\n<li><strong>Migliorare il nostro sito web<\/strong>: per migliorare la funzionalit\u00e0 e l'esperienza dell'utente del nostro sito web.<\/li>\n\n\n\n<li><strong>Finalit\u00e0 di marketing<\/strong>per inviarvi offerte e promozioni personalizzate, se avete dato il vostro consenso.<\/li>\n<\/ul>\n\n\n\n<h4 class=\"wp-block-heading\">3. Condivisione dei dati personali<\/h4>\n\n\n\n<p>Non condividiamo i vostri dati personali con terzi, tranne nei casi seguenti:<\/p>\n\n\n\n<ul class=\"wp-block-list\">\n<li><strong>Fornitori di servizi<\/strong>Possiamo condividere i vostri dati con fornitori di servizi di fiducia che ci aiutano a svolgere le nostre attivit\u00e0 commerciali, come i processori di pagamento e i servizi di consegna.<\/li>\n\n\n\n<li><strong>Obblighi legali<\/strong>se richiesto da leggi o regolamenti, o per ottemperare a un ordine del tribunale.<\/li>\n\n\n\n<li><strong>Protezione dei diritti<\/strong>per proteggere i nostri diritti, la nostra privacy, la nostra sicurezza o la nostra propriet\u00e0.<\/li>\n<\/ul>\n\n\n\n<h4 class=\"wp-block-heading\">4. Sicurezza dei dati personali<\/h4>\n\n\n\n<p>Adottiamo misure tecniche e organizzative adeguate per proteggere i vostri dati personali da perdita, furto e accesso non autorizzato, alterazione o distruzione. Il nostro sito web utilizza la crittografia SSL per garantire la sicurezza dei vostri dati durante la trasmissione.<\/p>\n\n\n\n<h4 class=\"wp-block-heading\">5. Conservazione dei dati personali<\/h4>\n\n\n\n<p>Non conserveremo i vostri dati personali pi\u00f9 a lungo di quanto sia necessario per gli scopi per cui sono stati raccolti, o come richiesto dalle leggi e dai regolamenti applicabili.<\/p>\n\n\n\n<h4 class=\"wp-block-heading\">6. I vostri diritti<\/h4>\n\n\n\n<p>L'utente ha alcuni diritti in relazione ai propri dati personali, tra cui:<\/p>\n\n\n\n<ul class=\"wp-block-list\">\n<li><strong>Diritto di ispezione<\/strong>: potete chiederci una copia dei dati personali che vi riguardano in nostro possesso.<\/li>\n\n\n\n<li><strong>Diritto di rettifica<\/strong>Potete chiederci di correggere i dati personali errati o incompleti.<\/li>\n\n\n\n<li><strong>Diritto di rimozione<\/strong>Potete chiederci di cancellare i vostri dati personali, a condizione che ci\u00f2 non violi gli obblighi di legge.<\/li>\n\n\n\n<li><strong>Diritto alla limitazione del trattamento<\/strong>Potete chiederci di limitare il trattamento dei vostri dati personali.<\/li>\n\n\n\n<li><strong>Diritto di trasferibilit\u00e0<\/strong>Potete chiederci di trasferire i vostri dati personali a un'altra organizzazione.<\/li>\n\n\n\n<li><strong>Diritto di obiezione<\/strong>: potete opporvi al trattamento dei vostri dati personali per determinate finalit\u00e0, come il marketing diretto.<\/li>\n<\/ul>\n\n\n\n<p>Per esercitare tali diritti, si prega di contattarci utilizzando i dettagli di contatto riportati di seguito.<\/p>\n\n\n\n<h4 class=\"wp-block-heading\">7. I biscotti<\/h4>\n\n\n\n<p>Il nostro sito web utilizza cookie e tecnologie simili per migliorare l'utilizzo del sito. I cookie sono piccoli file di testo collocati sul vostro dispositivo per raccogliere informazioni sul vostro comportamento di navigazione. \u00c8 possibile regolare le impostazioni del browser per rifiutare o eliminare i cookie, ma ci\u00f2 potrebbe compromettere la funzionalit\u00e0 del nostro sito web.<\/p>\n\n\n\n<h4 class=\"wp-block-heading\">8. Modifiche alla nostra politica sulla privacy<\/h4>\n\n\n\n<p>Potremmo modificare periodicamente la presente informativa sulla privacy per conformarci ai requisiti di legge o per riflettere i cambiamenti nelle nostre pratiche commerciali. Vi invitiamo a rivedere periodicamente la presente informativa sulla privacy per ottenere le informazioni pi\u00f9 recenti sulle nostre pratiche in materia di privacy.<\/p>\n\n\n\n<h4 class=\"wp-block-heading\">9. Contatto<\/h4>\n\n\n\n<p>Per qualsiasi domanda o commento sulla presente informativa sulla privacy o per esercitare i propri diritti, si prega di contattarci all'indirizzo info@medirelax.nl.<\/p>\n\n\n\n<p><\/p>","protected":false},"excerpt":{"rendered":"<p>Privacybeleid voor MediRelaxa Bij Medirelaxa.com hechten we veel waarde aan de bescherming van uw persoonlijke gegevens. Dit privacybeleid beschrijft hoe we informatie verzamelen, gebruiken en beschermen wanneer u onze website bezoekt en producten bij ons koopt. Door gebruik te maken van onze website stemt u in met de voorwaarden van dit privacybeleid. 1. Verzameling van [&hellip;]<\/p>\n","protected":false},"author":1,"featured_media":0,"parent":0,"menu_order":0,"comment_status":"closed","ping_status":"closed","template":"","meta":{"footnotes":""},"class_list":["post-3","page","type-page","status-publish","hentry"],"blocksy_meta":[],"yoast_head":"<!-- This site is optimized with the Yoast SEO plugin v27.4 - https:\/\/yoast.com\/product\/yoast-seo-wordpress\/ -->\n<title>Privacybeleid - Luxueus Ontspannen in onze Designer Massagestoelen<\/title>\n<meta name=\"robots\" content=\"index, follow, max-snippet:-1, max-image-preview:large, max-video-preview:-1\" \/>\n<link rel=\"canonical\" href=\"https:\/\/medirelax.nl\/it\/informativa-sulla-privacy\/\" \/>\n<meta property=\"og:locale\" content=\"it_IT\" \/>\n<meta property=\"og:type\" content=\"article\" \/>\n<meta property=\"og:title\" content=\"Privacybeleid - Luxueus Ontspannen in onze Designer Massagestoelen\" \/>\n<meta property=\"og:description\" content=\"Privacybeleid voor MediRelaxa Bij Medirelaxa.com hechten we veel waarde aan de bescherming van uw persoonlijke gegevens. Dit privacybeleid beschrijft hoe we informatie verzamelen, gebruiken en beschermen wanneer u onze website bezoekt en producten bij ons koopt. Door gebruik te maken van onze website stemt u in met de voorwaarden van dit privacybeleid. 1. Verzameling van [&hellip;]\" \/>\n<meta property=\"og:url\" content=\"https:\/\/medirelax.nl\/it\/informativa-sulla-privacy\/\" \/>\n<meta property=\"og:site_name\" content=\"MediRelaxa\" \/>\n<meta property=\"article:modified_time\" content=\"2024-06-03T23:18:31+00:00\" \/>\n<meta property=\"og:image\" content=\"https:\/\/i0.wp.com\/medirelax.nl\/wp-content\/uploads\/2024\/06\/Logo-MediRelaxa.jpg?fit=2000%2C1300&ssl=1\" \/>\n\t<meta property=\"og:image:width\" content=\"2000\" \/>\n\t<meta property=\"og:image:height\" content=\"1300\" \/>\n\t<meta property=\"og:image:type\" content=\"image\/jpeg\" \/>\n<meta name=\"twitter:card\" content=\"summary_large_image\" \/>\n<meta name=\"twitter:label1\" content=\"Tempo di lettura stimato\" \/>\n\t<meta name=\"twitter:data1\" content=\"3 minuti\" \/>\n<script type=\"application\/ld+json\" class=\"yoast-schema-graph\">{\"@context\":\"https:\\\/\\\/schema.org\",\"@graph\":[{\"@type\":\"WebPage\",\"@id\":\"https:\\\/\\\/medirelax.nl\\\/privacy-policy\\\/\",\"url\":\"https:\\\/\\\/medirelax.nl\\\/privacy-policy\\\/\",\"name\":\"Privacybeleid - Luxueus Ontspannen in onze Designer Massagestoelen\",\"isPartOf\":{\"@id\":\"https:\\\/\\\/medirelax.nl\\\/#website\"},\"datePublished\":\"2024-05-22T23:21:28+00:00\",\"dateModified\":\"2024-06-03T23:18:31+00:00\",\"inLanguage\":\"it-IT\",\"potentialAction\":[{\"@type\":\"ReadAction\",\"target\":[\"https:\\\/\\\/medirelax.nl\\\/privacy-policy\\\/\"]}]},{\"@type\":\"WebSite\",\"@id\":\"https:\\\/\\\/medirelax.nl\\\/#website\",\"url\":\"https:\\\/\\\/medirelax.nl\\\/\",\"name\":\"MediRelaxa\",\"description\":\"Luxueus Ontspannen in onze Designer Massagestoelen\",\"publisher\":{\"@id\":\"https:\\\/\\\/medirelax.nl\\\/#organization\"},\"alternateName\":\"Ontspanning op elk moment: Beleef ultieme rust met onze massagestoelen.\",\"potentialAction\":[{\"@type\":\"SearchAction\",\"target\":{\"@type\":\"EntryPoint\",\"urlTemplate\":\"https:\\\/\\\/medirelax.nl\\\/?s={search_term_string}\"},\"query-input\":{\"@type\":\"PropertyValueSpecification\",\"valueRequired\":true,\"valueName\":\"search_term_string\"}}],\"inLanguage\":\"it-IT\"},{\"@type\":\"Organization\",\"@id\":\"https:\\\/\\\/medirelax.nl\\\/#organization\",\"name\":\"MediRelaxa\",\"url\":\"https:\\\/\\\/medirelax.nl\\\/\",\"logo\":{\"@type\":\"ImageObject\",\"inLanguage\":\"it-IT\",\"@id\":\"https:\\\/\\\/medirelax.nl\\\/#\\\/schema\\\/logo\\\/image\\\/\",\"url\":\"https:\\\/\\\/i0.wp.com\\\/medirelax.nl\\\/wp-content\\\/uploads\\\/2024\\\/06\\\/medirelaxa-logo-vierkant-nl.jpg?fit=1300%2C1300&ssl=1\",\"contentUrl\":\"https:\\\/\\\/i0.wp.com\\\/medirelax.nl\\\/wp-content\\\/uploads\\\/2024\\\/06\\\/medirelaxa-logo-vierkant-nl.jpg?fit=1300%2C1300&ssl=1\",\"width\":1300,\"height\":1300,\"caption\":\"MediRelaxa\"},\"image\":{\"@id\":\"https:\\\/\\\/medirelax.nl\\\/#\\\/schema\\\/logo\\\/image\\\/\"},\"sameAs\":[\"https:\\\/\\\/www.youtube.com\\\/@MediRelaxa\"]}]}<\/script>\n<!-- \/ Yoast SEO plugin. -->","yoast_head_json":{"title":"Informativa sulla privacy - Rilassarsi lussuosamente con le nostre poltrone da massaggio di design","robots":{"index":"index","follow":"follow","max-snippet":"max-snippet:-1","max-image-preview":"max-image-preview:large","max-video-preview":"max-video-preview:-1"},"canonical":"https:\/\/medirelax.nl\/it\/informativa-sulla-privacy\/","og_locale":"it_IT","og_type":"article","og_title":"Privacybeleid - Luxueus Ontspannen in onze Designer Massagestoelen","og_description":"Privacybeleid voor MediRelaxa Bij Medirelaxa.com hechten we veel waarde aan de bescherming van uw persoonlijke gegevens. Dit privacybeleid beschrijft hoe we informatie verzamelen, gebruiken en beschermen wanneer u onze website bezoekt en producten bij ons koopt. Door gebruik te maken van onze website stemt u in met de voorwaarden van dit privacybeleid. 1. Verzameling van [&hellip;]","og_url":"https:\/\/medirelax.nl\/it\/informativa-sulla-privacy\/","og_site_name":"MediRelaxa","article_modified_time":"2024-06-03T23:18:31+00:00","og_image":[{"width":2000,"height":1300,"url":"https:\/\/i0.wp.com\/medirelax.nl\/wp-content\/uploads\/2024\/06\/Logo-MediRelaxa.jpg?fit=2000%2C1300&ssl=1","type":"image\/jpeg"}],"twitter_card":"summary_large_image","twitter_misc":{"Tempo di lettura stimato":"3 minuti"},"schema":{"@context":"https:\/\/schema.org","@graph":[{"@type":"WebPage","@id":"https:\/\/medirelax.nl\/privacy-policy\/","url":"https:\/\/medirelax.nl\/privacy-policy\/","name":"Informativa sulla privacy - Rilassarsi lussuosamente con le nostre poltrone da massaggio di design","isPartOf":{"@id":"https:\/\/medirelax.nl\/#website"},"datePublished":"2024-05-22T23:21:28+00:00","dateModified":"2024-06-03T23:18:31+00:00","inLanguage":"it-IT","potentialAction":[{"@type":"ReadAction","target":["https:\/\/medirelax.nl\/privacy-policy\/"]}]},{"@type":"WebSite","@id":"https:\/\/medirelax.nl\/#website","url":"https:\/\/medirelax.nl\/","name":"MediRelaxa","description":"Relax di lusso sulle nostre poltrone da massaggio di design","publisher":{"@id":"https:\/\/medirelax.nl\/#organization"},"alternateName":"Ontspanning op elk moment: Beleef ultieme rust met onze massagestoelen.","potentialAction":[{"@type":"SearchAction","target":{"@type":"EntryPoint","urlTemplate":"https:\/\/medirelax.nl\/?s={search_term_string}"},"query-input":{"@type":"PropertyValueSpecification","valueRequired":true,"valueName":"search_term_string"}}],"inLanguage":"it-IT"},{"@type":"Organization","@id":"https:\/\/medirelax.nl\/#organization","name":"MediRelaxa","url":"https:\/\/medirelax.nl\/","logo":{"@type":"ImageObject","inLanguage":"it-IT","@id":"https:\/\/medirelax.nl\/#\/schema\/logo\/image\/","url":"https:\/\/i0.wp.com\/medirelax.nl\/wp-content\/uploads\/2024\/06\/medirelaxa-logo-vierkant-nl.jpg?fit=1300%2C1300&ssl=1","contentUrl":"https:\/\/i0.wp.com\/medirelax.nl\/wp-content\/uploads\/2024\/06\/medirelaxa-logo-vierkant-nl.jpg?fit=1300%2C1300&ssl=1","width":1300,"height":1300,"caption":"MediRelaxa"},"image":{"@id":"https:\/\/medirelax.nl\/#\/schema\/logo\/image\/"},"sameAs":["https:\/\/www.youtube.com\/@MediRelaxa"]}]}},"jetpack_sharing_enabled":true,"_links":{"self":[{"href":"https:\/\/medirelax.nl\/it\/wp-json\/wp\/v2\/pages\/3","targetHints":{"allow":["GET"]}}],"collection":[{"href":"https:\/\/medirelax.nl\/it\/wp-json\/wp\/v2\/pages"}],"about":[{"href":"https:\/\/medirelax.nl\/it\/wp-json\/wp\/v2\/types\/page"}],"author":[{"embeddable":true,"href":"https:\/\/medirelax.nl\/it\/wp-json\/wp\/v2\/users\/1"}],"replies":[{"embeddable":true,"href":"https:\/\/medirelax.nl\/it\/wp-json\/wp\/v2\/comments?post=3"}],"version-history":[{"count":1,"href":"https:\/\/medirelax.nl\/it\/wp-json\/wp\/v2\/pages\/3\/revisions"}],"predecessor-version":[{"id":2098,"href":"https:\/\/medirelax.nl\/it\/wp-json\/wp\/v2\/pages\/3\/revisions\/2098"}],"wp:attachment":[{"href":"https:\/\/medirelax.nl\/it\/wp-json\/wp\/v2\/media?parent=3"}],"curies":[{"name":"wp","href":"https:\/\/api.w.org\/{rel}","templated":true}]}}