{"id":2072,"date":"2024-06-03T20:37:36","date_gmt":"2024-06-03T20:37:36","guid":{"rendered":"https:\/\/medirelax.nl\/?page_id=2072"},"modified":"2025-07-09T18:56:16","modified_gmt":"2025-07-09T18:56:16","slug":"garanzia-di-spedizione","status":"publish","type":"page","link":"https:\/\/medirelax.nl\/it\/garanzia-di-spedizione\/","title":{"rendered":"Spedizione e garanzia"},"content":{"rendered":"<div data-elementor-type=\"wp-page\" data-elementor-id=\"2072\" class=\"elementor elementor-2072\" data-elementor-post-type=\"page\">\n\t\t\t\t<div class=\"elementor-element elementor-element-e4ace3b e-flex e-con-boxed e-con e-parent\" data-id=\"e4ace3b\" data-element_type=\"container\" data-e-type=\"container\">\n\t\t\t\t\t<div class=\"e-con-inner\">\n\t\t<div class=\"elementor-element elementor-element-546e983 e-con-full e-flex e-con e-child\" data-id=\"546e983\" data-element_type=\"container\" data-e-type=\"container\">\n\t\t\t\t<div class=\"elementor-element elementor-element-bcd4c8d elementor-widget elementor-widget-heading\" data-id=\"bcd4c8d\" data-element_type=\"widget\" data-e-type=\"widget\" data-widget_type=\"heading.default\">\n\t\t\t\t<div class=\"elementor-widget-container\">\n\t\t\t\t\t<h2 class=\"elementor-heading-title elementor-size-default\">Headspa<\/h2>\t\t\t\t<\/div>\n\t\t\t\t<\/div>\n\t\t\t\t<div class=\"elementor-element elementor-element-602cf56 elementor-widget elementor-widget-text-editor\" data-id=\"602cf56\" data-element_type=\"widget\" data-e-type=\"widget\" data-widget_type=\"text-editor.default\">\n\t\t\t\t<div class=\"elementor-widget-container\">\n\t\t\t\t\t\t\t\t\t<p>I divani Headspa vengono spediti in tutta Europa (fuori Europa su richiesta). \u00c8 anche possibile ritirare personalmente la headspa presso lo showroom.\u00a0<\/p><p>Collaboriamo con servizi di corriere come DHL. In questo modo sarete sempre contattati al momento della consegna della headspa. La consegna espressa \u00e8 possibile anche in Belgio e nei Paesi Bassi.<\/p><p><strong>Headspa mobile (pallet piccolo - 80 cm)<\/strong><\/p><ul><li><strong>Europa<\/strong>: 3-7 giorni; \u20ac99<\/li><\/ul><p><strong>Letto Headspa (pallet doppio - 2m)<\/strong><\/p><ul><li><strong>Belgio, Paesi Bassi:<\/strong> 3-5 giorni; \u20ac199 (consegna &lt;24h su richiesta)<\/li><li><strong>Francia, Germania:<\/strong> 4-7 giorni; 199 \u20ac<\/li><li><strong>Italia, Spagna, Polonia, Austria:<\/strong> 4-8 giorni; 199 \u20ac<\/li><li><strong>Resto d'Europa:<\/strong> 4-8 giorni; \u20ac 499<\/li><\/ul>\t\t\t\t\t\t\t\t<\/div>\n\t\t\t\t<\/div>\n\t\t\t\t<div class=\"elementor-element elementor-element-25734f9 elementor-widget elementor-widget-heading\" data-id=\"25734f9\" data-element_type=\"widget\" data-e-type=\"widget\" data-widget_type=\"heading.default\">\n\t\t\t\t<div class=\"elementor-widget-container\">\n\t\t\t\t\t<h2 class=\"elementor-heading-title elementor-size-default\">Sedie per massaggi<\/h2>\t\t\t\t<\/div>\n\t\t\t\t<\/div>\n\t\t\t\t<div class=\"elementor-element elementor-element-adaa8d5 elementor-widget elementor-widget-text-editor\" data-id=\"adaa8d5\" data-element_type=\"widget\" data-e-type=\"widget\" data-widget_type=\"text-editor.default\">\n\t\t\t\t<div class=\"elementor-widget-container\">\n\t\t\t\t\t\t\t\t\t<p>Dopo la conferma dell'ordine, vi contatteremo per fissare un orario di consegna definitivo.\u00a0<span style=\"color: var(--theme-text-color); font-family: inherit; font-size: inherit; font-style: inherit; font-variant-ligatures: inherit; font-variant-caps: inherit; font-weight: inherit; letter-spacing: var(--theme-letter-spacing); text-align: var(--text-align); text-transform: var(--theme-text-transform);\">Se la poltrona da massaggio \u00e8 disponibile in magazzino, possiamo programmare una consegna entro 1-2 settimane. <\/span><span style=\"color: var(--theme-text-color); font-family: inherit; font-size: inherit; font-style: inherit; font-variant-ligatures: inherit; font-variant-caps: inherit; font-weight: inherit; letter-spacing: var(--theme-letter-spacing); text-align: var(--text-align); text-transform: var(--theme-text-transform);\">La consegna avverr\u00e0 sempre di persona, dove vi aiuteremo a montare la sedia e vi forniremo le istruzioni per l'uso.<\/span><\/p>\t\t\t\t\t\t\t\t<\/div>\n\t\t\t\t<\/div>\n\t\t\t\t<div class=\"elementor-element elementor-element-9c38de4 elementor-widget elementor-widget-heading\" data-id=\"9c38de4\" data-element_type=\"widget\" data-e-type=\"widget\" data-widget_type=\"heading.default\">\n\t\t\t\t<div class=\"elementor-widget-container\">\n\t\t\t\t\t<h2 class=\"elementor-heading-title elementor-size-default\">Garanzia Headspa<\/h2>\t\t\t\t<\/div>\n\t\t\t\t<\/div>\n\t\t\t\t<div class=\"elementor-element elementor-element-794c8e2 elementor-widget elementor-widget-text-editor\" data-id=\"794c8e2\" data-element_type=\"widget\" data-e-type=\"widget\" data-widget_type=\"text-editor.default\">\n\t\t\t\t<div class=\"elementor-widget-container\">\n\t\t\t\t\t\t\t\t\t<p>Offriamo una garanzia estesa di 1 anno su tutti i modelli Headspa di MediRelaxa. Questa garanzia copre i difetti di fabbricazione e i difetti che si verificano durante il normale utilizzo. Sosteniamo la qualit\u00e0 e la durata dei nostri prodotti e questa garanzia vi d\u00e0 la sicurezza e la certezza che state facendo un investimento valido per la vostra attivit\u00e0 o per il vostro tempo libero. Se entro questo periodo dovesse verificarsi un problema imprevisto, vi forniremo una soluzione adeguata. Inoltre, disponiamo di una gamma di pezzi di ricambio, in modo da poter effettuare qualsiasi riparazione in modo rapido ed efficiente e garantire la longevit\u00e0 della vostra Headspa.<\/p>\t\t\t\t\t\t\t\t<\/div>\n\t\t\t\t<\/div>\n\t\t\t\t<div class=\"elementor-element elementor-element-c262c6c elementor-widget elementor-widget-image\" data-id=\"c262c6c\" data-element_type=\"widget\" data-e-type=\"widget\" data-widget_type=\"image.default\">\n\t\t\t\t<div class=\"elementor-widget-container\">\n\t\t\t\t\t\t\t\t\t\t\t\t\t\t\t<img fetchpriority=\"high\" decoding=\"async\" width=\"1414\" height=\"1512\" src=\"https:\/\/i0.wp.com\/medirelax.nl\/wp-content\/uploads\/2024\/10\/1-copy.jpg?fit=1414%2C1512&amp;ssl=1\" class=\"attachment-full size-full wp-image-4961\" alt=\"\" srcset=\"https:\/\/i0.wp.com\/medirelax.nl\/wp-content\/uploads\/2024\/10\/1-copy.jpg?w=1414&amp;ssl=1 1414w, https:\/\/i0.wp.com\/medirelax.nl\/wp-content\/uploads\/2024\/10\/1-copy.jpg?resize=281%2C300&amp;ssl=1 281w, https:\/\/i0.wp.com\/medirelax.nl\/wp-content\/uploads\/2024\/10\/1-copy.jpg?resize=958%2C1024&amp;ssl=1 958w, https:\/\/i0.wp.com\/medirelax.nl\/wp-content\/uploads\/2024\/10\/1-copy.jpg?resize=768%2C821&amp;ssl=1 768w, https:\/\/i0.wp.com\/medirelax.nl\/wp-content\/uploads\/2024\/10\/1-copy.jpg?resize=11%2C12&amp;ssl=1 11w, https:\/\/i0.wp.com\/medirelax.nl\/wp-content\/uploads\/2024\/10\/1-copy.jpg?resize=300%2C321&amp;ssl=1 300w\" sizes=\"(max-width: 1290px) 100vw, 1290px\" \/>\t\t\t\t\t\t\t\t\t\t\t\t\t\t\t<\/div>\n\t\t\t\t<\/div>\n\t\t\t\t<div class=\"elementor-element elementor-element-4246cae elementor-widget elementor-widget-heading\" data-id=\"4246cae\" data-element_type=\"widget\" data-e-type=\"widget\" data-widget_type=\"heading.default\">\n\t\t\t\t<div class=\"elementor-widget-container\">\n\t\t\t\t\t<h2 class=\"elementor-heading-title elementor-size-default\">Garanzia Sedie per massaggi<\/h2>\t\t\t\t<\/div>\n\t\t\t\t<\/div>\n\t\t\t\t<div class=\"elementor-element elementor-element-987e974 elementor-widget elementor-widget-text-editor\" data-id=\"987e974\" data-element_type=\"widget\" data-e-type=\"widget\" data-widget_type=\"text-editor.default\">\n\t\t\t\t<div class=\"elementor-widget-container\">\n\t\t\t\t\t\t\t\t\t<p>Come clienti privati, avete diritto a una garanzia di 24 mesi. Per gli acquisti aziendali, la garanzia \u00e8 limitata per legge a 12 mesi.\u00a0<\/p><p>MediRelaxa offre un'estensione della garanzia fino a 5 anni su alcuni prodotti.<br \/>Si prega di consultare le condizioni di garanzia complete di tutti i nostri prodotti nei termini e condizioni generali.<\/p>\t\t\t\t\t\t\t\t<\/div>\n\t\t\t\t<\/div>\n\t\t\t\t<\/div>\n\t\t\t\t\t<\/div>\n\t\t\t\t<\/div>\n\t\t\t\t<\/div>","protected":false},"excerpt":{"rendered":"<p>Headspa De Headspa banken worden in heel Europa verzonden (buiten Europa op aanvraag). Ook is het mogelijk de headspa zelf op te halen bij de showroom.\u00a0 We werken samen met koerierdiensten zoals DHL. U zal dan altijd gecontacteerd worden wanneer de headspa geleverd wordt. Ook is in Belgi\u00eb en Nederland een express levering mogelijk. Mobiele [&hellip;]<\/p>\n","protected":false},"author":1,"featured_media":0,"parent":0,"menu_order":0,"comment_status":"closed","ping_status":"closed","template":"","meta":{"footnotes":""},"class_list":["post-2072","page","type-page","status-publish","hentry"],"blocksy_meta":[],"yoast_head":"<!-- This site is optimized with the Yoast SEO plugin v27.4 - https:\/\/yoast.com\/product\/yoast-seo-wordpress\/ -->\n<title>Verzending &amp; Garantie - Luxueus Ontspannen in onze Designer Massagestoelen<\/title>\n<meta name=\"robots\" content=\"index, follow, max-snippet:-1, max-image-preview:large, max-video-preview:-1\" \/>\n<link rel=\"canonical\" href=\"https:\/\/medirelax.nl\/it\/garanzia-di-spedizione\/\" \/>\n<meta property=\"og:locale\" content=\"it_IT\" \/>\n<meta property=\"og:type\" content=\"article\" \/>\n<meta property=\"og:title\" content=\"Verzending &amp; Garantie - Luxueus Ontspannen in onze Designer Massagestoelen\" \/>\n<meta property=\"og:description\" content=\"Headspa De Headspa banken worden in heel Europa verzonden (buiten Europa op aanvraag). Ook is het mogelijk de headspa zelf op te halen bij de showroom.\u00a0 We werken samen met koerierdiensten zoals DHL. U zal dan altijd gecontacteerd worden wanneer de headspa geleverd wordt. Ook is in Belgi\u00eb en Nederland een express levering mogelijk. Mobiele [&hellip;]\" \/>\n<meta property=\"og:url\" content=\"https:\/\/medirelax.nl\/it\/garanzia-di-spedizione\/\" \/>\n<meta property=\"og:site_name\" content=\"MediRelaxa\" \/>\n<meta property=\"article:modified_time\" content=\"2025-07-09T18:56:16+00:00\" \/>\n<meta property=\"og:image\" content=\"https:\/\/medirelax.nl\/wp-content\/uploads\/2024\/10\/1-copy.jpg\" \/>\n<meta name=\"twitter:card\" content=\"summary_large_image\" \/>\n<meta name=\"twitter:label1\" content=\"Tempo di lettura stimato\" \/>\n\t<meta name=\"twitter:data1\" content=\"2 minuti\" \/>\n<script type=\"application\/ld+json\" class=\"yoast-schema-graph\">{\"@context\":\"https:\\\/\\\/schema.org\",\"@graph\":[{\"@type\":\"WebPage\",\"@id\":\"https:\\\/\\\/medirelax.nl\\\/verzending-garantie\\\/\",\"url\":\"https:\\\/\\\/medirelax.nl\\\/verzending-garantie\\\/\",\"name\":\"Verzending & Garantie - Luxueus Ontspannen in onze Designer Massagestoelen\",\"isPartOf\":{\"@id\":\"https:\\\/\\\/medirelax.nl\\\/#website\"},\"primaryImageOfPage\":{\"@id\":\"https:\\\/\\\/medirelax.nl\\\/verzending-garantie\\\/#primaryimage\"},\"image\":{\"@id\":\"https:\\\/\\\/medirelax.nl\\\/verzending-garantie\\\/#primaryimage\"},\"thumbnailUrl\":\"https:\\\/\\\/medirelax.nl\\\/wp-content\\\/uploads\\\/2024\\\/10\\\/1-copy.jpg\",\"datePublished\":\"2024-06-03T20:37:36+00:00\",\"dateModified\":\"2025-07-09T18:56:16+00:00\",\"inLanguage\":\"it-IT\",\"potentialAction\":[{\"@type\":\"ReadAction\",\"target\":[\"https:\\\/\\\/medirelax.nl\\\/verzending-garantie\\\/\"]}]},{\"@type\":\"ImageObject\",\"inLanguage\":\"it-IT\",\"@id\":\"https:\\\/\\\/medirelax.nl\\\/verzending-garantie\\\/#primaryimage\",\"url\":\"https:\\\/\\\/medirelax.nl\\\/wp-content\\\/uploads\\\/2024\\\/10\\\/1-copy.jpg\",\"contentUrl\":\"https:\\\/\\\/medirelax.nl\\\/wp-content\\\/uploads\\\/2024\\\/10\\\/1-copy.jpg\"},{\"@type\":\"WebSite\",\"@id\":\"https:\\\/\\\/medirelax.nl\\\/#website\",\"url\":\"https:\\\/\\\/medirelax.nl\\\/\",\"name\":\"MediRelaxa\",\"description\":\"Luxueus Ontspannen in onze Designer Massagestoelen\",\"publisher\":{\"@id\":\"https:\\\/\\\/medirelax.nl\\\/#organization\"},\"alternateName\":\"Ontspanning op elk moment: Beleef ultieme rust met onze massagestoelen.\",\"potentialAction\":[{\"@type\":\"SearchAction\",\"target\":{\"@type\":\"EntryPoint\",\"urlTemplate\":\"https:\\\/\\\/medirelax.nl\\\/?s={search_term_string}\"},\"query-input\":{\"@type\":\"PropertyValueSpecification\",\"valueRequired\":true,\"valueName\":\"search_term_string\"}}],\"inLanguage\":\"it-IT\"},{\"@type\":\"Organization\",\"@id\":\"https:\\\/\\\/medirelax.nl\\\/#organization\",\"name\":\"MediRelaxa\",\"url\":\"https:\\\/\\\/medirelax.nl\\\/\",\"logo\":{\"@type\":\"ImageObject\",\"inLanguage\":\"it-IT\",\"@id\":\"https:\\\/\\\/medirelax.nl\\\/#\\\/schema\\\/logo\\\/image\\\/\",\"url\":\"https:\\\/\\\/i0.wp.com\\\/medirelax.nl\\\/wp-content\\\/uploads\\\/2024\\\/06\\\/medirelaxa-logo-vierkant-nl.jpg?fit=1300%2C1300&ssl=1\",\"contentUrl\":\"https:\\\/\\\/i0.wp.com\\\/medirelax.nl\\\/wp-content\\\/uploads\\\/2024\\\/06\\\/medirelaxa-logo-vierkant-nl.jpg?fit=1300%2C1300&ssl=1\",\"width\":1300,\"height\":1300,\"caption\":\"MediRelaxa\"},\"image\":{\"@id\":\"https:\\\/\\\/medirelax.nl\\\/#\\\/schema\\\/logo\\\/image\\\/\"},\"sameAs\":[\"https:\\\/\\\/www.youtube.com\\\/@MediRelaxa\"]}]}<\/script>\n<!-- \/ Yoast SEO plugin. -->","yoast_head_json":{"title":"Spedizione e garanzia - Rilassatevi lussuosamente con le nostre poltrone massaggianti di design","robots":{"index":"index","follow":"follow","max-snippet":"max-snippet:-1","max-image-preview":"max-image-preview:large","max-video-preview":"max-video-preview:-1"},"canonical":"https:\/\/medirelax.nl\/it\/garanzia-di-spedizione\/","og_locale":"it_IT","og_type":"article","og_title":"Verzending & Garantie - Luxueus Ontspannen in onze Designer Massagestoelen","og_description":"Headspa De Headspa banken worden in heel Europa verzonden (buiten Europa op aanvraag). Ook is het mogelijk de headspa zelf op te halen bij de showroom.\u00a0 We werken samen met koerierdiensten zoals DHL. U zal dan altijd gecontacteerd worden wanneer de headspa geleverd wordt. Ook is in Belgi\u00eb en Nederland een express levering mogelijk. Mobiele [&hellip;]","og_url":"https:\/\/medirelax.nl\/it\/garanzia-di-spedizione\/","og_site_name":"MediRelaxa","article_modified_time":"2025-07-09T18:56:16+00:00","og_image":[{"url":"https:\/\/medirelax.nl\/wp-content\/uploads\/2024\/10\/1-copy.jpg","type":"","width":"","height":""}],"twitter_card":"summary_large_image","twitter_misc":{"Tempo di lettura stimato":"2 minuti"},"schema":{"@context":"https:\/\/schema.org","@graph":[{"@type":"WebPage","@id":"https:\/\/medirelax.nl\/verzending-garantie\/","url":"https:\/\/medirelax.nl\/verzending-garantie\/","name":"Spedizione e garanzia - Rilassatevi lussuosamente con le nostre poltrone massaggianti di design","isPartOf":{"@id":"https:\/\/medirelax.nl\/#website"},"primaryImageOfPage":{"@id":"https:\/\/medirelax.nl\/verzending-garantie\/#primaryimage"},"image":{"@id":"https:\/\/medirelax.nl\/verzending-garantie\/#primaryimage"},"thumbnailUrl":"https:\/\/medirelax.nl\/wp-content\/uploads\/2024\/10\/1-copy.jpg","datePublished":"2024-06-03T20:37:36+00:00","dateModified":"2025-07-09T18:56:16+00:00","inLanguage":"it-IT","potentialAction":[{"@type":"ReadAction","target":["https:\/\/medirelax.nl\/verzending-garantie\/"]}]},{"@type":"ImageObject","inLanguage":"it-IT","@id":"https:\/\/medirelax.nl\/verzending-garantie\/#primaryimage","url":"https:\/\/medirelax.nl\/wp-content\/uploads\/2024\/10\/1-copy.jpg","contentUrl":"https:\/\/medirelax.nl\/wp-content\/uploads\/2024\/10\/1-copy.jpg"},{"@type":"WebSite","@id":"https:\/\/medirelax.nl\/#website","url":"https:\/\/medirelax.nl\/","name":"MediRelaxa","description":"Relax di lusso sulle nostre poltrone da massaggio di design","publisher":{"@id":"https:\/\/medirelax.nl\/#organization"},"alternateName":"Ontspanning op elk moment: Beleef ultieme rust met onze massagestoelen.","potentialAction":[{"@type":"SearchAction","target":{"@type":"EntryPoint","urlTemplate":"https:\/\/medirelax.nl\/?s={search_term_string}"},"query-input":{"@type":"PropertyValueSpecification","valueRequired":true,"valueName":"search_term_string"}}],"inLanguage":"it-IT"},{"@type":"Organization","@id":"https:\/\/medirelax.nl\/#organization","name":"MediRelaxa","url":"https:\/\/medirelax.nl\/","logo":{"@type":"ImageObject","inLanguage":"it-IT","@id":"https:\/\/medirelax.nl\/#\/schema\/logo\/image\/","url":"https:\/\/i0.wp.com\/medirelax.nl\/wp-content\/uploads\/2024\/06\/medirelaxa-logo-vierkant-nl.jpg?fit=1300%2C1300&ssl=1","contentUrl":"https:\/\/i0.wp.com\/medirelax.nl\/wp-content\/uploads\/2024\/06\/medirelaxa-logo-vierkant-nl.jpg?fit=1300%2C1300&ssl=1","width":1300,"height":1300,"caption":"MediRelaxa"},"image":{"@id":"https:\/\/medirelax.nl\/#\/schema\/logo\/image\/"},"sameAs":["https:\/\/www.youtube.com\/@MediRelaxa"]}]}},"jetpack_sharing_enabled":true,"_links":{"self":[{"href":"https:\/\/medirelax.nl\/it\/wp-json\/wp\/v2\/pages\/2072","targetHints":{"allow":["GET"]}}],"collection":[{"href":"https:\/\/medirelax.nl\/it\/wp-json\/wp\/v2\/pages"}],"about":[{"href":"https:\/\/medirelax.nl\/it\/wp-json\/wp\/v2\/types\/page"}],"author":[{"embeddable":true,"href":"https:\/\/medirelax.nl\/it\/wp-json\/wp\/v2\/users\/1"}],"replies":[{"embeddable":true,"href":"https:\/\/medirelax.nl\/it\/wp-json\/wp\/v2\/comments?post=2072"}],"version-history":[{"count":58,"href":"https:\/\/medirelax.nl\/it\/wp-json\/wp\/v2\/pages\/2072\/revisions"}],"predecessor-version":[{"id":12187,"href":"https:\/\/medirelax.nl\/it\/wp-json\/wp\/v2\/pages\/2072\/revisions\/12187"}],"wp:attachment":[{"href":"https:\/\/medirelax.nl\/it\/wp-json\/wp\/v2\/media?parent=2072"}],"curies":[{"name":"wp","href":"https:\/\/api.w.org\/{rel}","templated":true}]}}