{"id":3952,"date":"2024-09-16T11:20:17","date_gmt":"2024-09-16T11:20:17","guid":{"rendered":"https:\/\/medirelax.nl\/?page_id=3952"},"modified":"2024-09-28T11:56:53","modified_gmt":"2024-09-28T11:56:53","slug":"showmobil","status":"publish","type":"page","link":"https:\/\/medirelax.nl\/fr\/showmobil\/","title":{"rendered":"Showmobil"},"content":{"rendered":"<div data-elementor-type=\"wp-page\" data-elementor-id=\"3952\" class=\"elementor elementor-3952\" data-elementor-post-type=\"page\">\n\t\t\t\t<div class=\"elementor-element elementor-element-e4ace3b e-flex e-con-boxed e-con e-parent\" data-id=\"e4ace3b\" data-element_type=\"container\" data-e-type=\"container\">\n\t\t\t\t\t<div class=\"e-con-inner\">\n\t\t<div class=\"elementor-element elementor-element-546e983 e-con-full e-flex e-con e-child\" data-id=\"546e983\" data-element_type=\"container\" data-e-type=\"container\">\n\t\t\t\t<div class=\"elementor-element elementor-element-33cf2b2 elementor-widget elementor-widget-image\" data-id=\"33cf2b2\" data-element_type=\"widget\" data-e-type=\"widget\" data-widget_type=\"image.default\">\n\t\t\t\t<div class=\"elementor-widget-container\">\n\t\t\t\t\t\t\t\t\t\t\t\t\t\t\t<img fetchpriority=\"high\" decoding=\"async\" width=\"1333\" height=\"895\" src=\"https:\/\/i0.wp.com\/medirelax.nl\/wp-content\/uploads\/2024\/09\/casada-levering.jpg?fit=1333%2C895&amp;ssl=1\" class=\"attachment-full size-full wp-image-3927\" alt=\"bus de casada pour la livraison de fauteuils de massage\" srcset=\"https:\/\/i0.wp.com\/medirelax.nl\/wp-content\/uploads\/2024\/09\/casada-levering.jpg?w=1333&amp;ssl=1 1333w, https:\/\/i0.wp.com\/medirelax.nl\/wp-content\/uploads\/2024\/09\/casada-levering.jpg?resize=300%2C201&amp;ssl=1 300w, https:\/\/i0.wp.com\/medirelax.nl\/wp-content\/uploads\/2024\/09\/casada-levering.jpg?resize=1024%2C688&amp;ssl=1 1024w, https:\/\/i0.wp.com\/medirelax.nl\/wp-content\/uploads\/2024\/09\/casada-levering.jpg?resize=768%2C516&amp;ssl=1 768w, https:\/\/i0.wp.com\/medirelax.nl\/wp-content\/uploads\/2024\/09\/casada-levering.jpg?resize=18%2C12&amp;ssl=1 18w\" sizes=\"(max-width: 1290px) 100vw, 1290px\" \/>\t\t\t\t\t\t\t\t\t\t\t\t\t\t\t<\/div>\n\t\t\t\t<\/div>\n\t\t\t\t<div class=\"elementor-element elementor-element-087f4b3 elementor-widget elementor-widget-text-editor\" data-id=\"087f4b3\" data-element_type=\"widget\" data-e-type=\"widget\" data-widget_type=\"text-editor.default\">\n\t\t\t\t<div class=\"elementor-widget-container\">\n\t\t\t\t\t\t\t\t\t<p>Vous n'avez pas le temps ou vous habitez trop loin pour tester les fauteuils de massage dans notre salle d'exposition ? D\u00e9couvrez alors le Casada Showmobil !<\/p>\n<p>L'achat d'un fauteuil de massage est une d\u00e9cision m\u00fbrement r\u00e9fl\u00e9chie que l'on ne prend souvent pas seul. Plut\u00f4t que de vous fier \u00e0 des photos et \u00e0 des informations techniques, vous pr\u00e9f\u00e9rerez probablement essayer le fauteuil de massage et entendre, voir et sentir toutes les informations et obtenir une r\u00e9ponse \u00e0 toutes vos questions concernant la livraison, la garantie, le montage et le service apr\u00e8s-vente.<\/p>\n<p>Pour vous servir encore mieux, il y a le Casada Showmobil.<\/p>\n<p>Ainsi, vous ne devez pas vous rendre dans l'une de nos salles d'exposition, mais nous venons \u00e0 votre domicile, votre bureau, votre entreprise, ... afin que vous puissiez essayer quelques fauteuils de massage dans notre showmobil, en toute tranquillit\u00e9 et en toute intimit\u00e9.<\/p>\n<p>Pendant votre s\u00e9ance de d\u00e9monstration priv\u00e9e, vous pouvez poser toutes vos questions \u00e0 notre personnel exp\u00e9riment\u00e9 et, si vous le souhaitez, proc\u00e9der \u00e0 l'achat et prendre les dispositions n\u00e9cessaires pour la livraison.<\/p>\n<p>Le Casada Showmobil est pr\u00eat pour tous les rendez-vous priv\u00e9s, mais il peut \u00e9galement \u00eatre r\u00e9serv\u00e9 pour vos journ\u00e9es portes ouvertes, vos \u00e9v\u00e9nements \u00e0 petite \u00e9chelle ou vos d\u00e9monstrations de groupe dans votre entreprise.<\/p>\n<p>Contactez-nous et nous prendrons rendez-vous.<\/p>\t\t\t\t\t\t\t\t<\/div>\n\t\t\t\t<\/div>\n\t\t\t\t<\/div>\n\t\t\t\t\t<\/div>\n\t\t\t\t<\/div>\n\t\t<div class=\"elementor-element elementor-element-15a2c1e e-flex e-con-boxed e-con e-parent\" data-id=\"15a2c1e\" data-element_type=\"container\" data-e-type=\"container\">\n\t\t\t\t\t<div class=\"e-con-inner\">\n\t\t\t\t<div class=\"elementor-element elementor-element-651b02c elementor-widget elementor-widget-button\" data-id=\"651b02c\" data-element_type=\"widget\" data-e-type=\"widget\" data-widget_type=\"button.default\">\n\t\t\t\t<div class=\"elementor-widget-container\">\n\t\t\t\t\t\t\t\t\t<div class=\"elementor-button-wrapper\">\n\t\t\t\t\t<a class=\"elementor-button elementor-button-link elementor-size-sm\" href=\"mailto:info@medirelax.nl\">\n\t\t\t\t\t\t<span class=\"elementor-button-content-wrapper\">\n\t\t\t\t\t\t<span class=\"elementor-button-icon\">\n\t\t\t\t<svg aria-hidden=\"true\" class=\"e-font-icon-svg e-fas-phone-alt\" viewbox=\"0 0 512 512\" xmlns=\"http:\/\/www.w3.org\/2000\/svg\"><path d=\"M497.39 361.8l-112-48a24 24 0 0 0-28 6.9l-49.6 60.6A370.66 370.66 0 0 1 130.6 204.11l60.6-49.6a23.94 23.94 0 0 0 6.9-28l-48-112A24.16 24.16 0 0 0 122.6.61l-104 24A24 24 0 0 0 0 48c0 256.5 207.9 464 464 464a24 24 0 0 0 23.4-18.6l24-104a24.29 24.29 0 0 0-14.01-27.6z\"><\/path><\/svg>\t\t\t<\/span>\n\t\t\t\t\t\t\t\t\t<span class=\"elementor-button-text\">info@medirelax.nl<\/span>\n\t\t\t\t\t<\/span>\n\t\t\t\t\t<\/a>\n\t\t\t\t<\/div>\n\t\t\t\t\t\t\t\t<\/div>\n\t\t\t\t<\/div>\n\t\t\t\t<div class=\"elementor-element elementor-element-bdfda59 elementor-widget elementor-widget-button\" data-id=\"bdfda59\" data-element_type=\"widget\" data-e-type=\"widget\" data-widget_type=\"button.default\">\n\t\t\t\t<div class=\"elementor-widget-container\">\n\t\t\t\t\t\t\t\t\t<div class=\"elementor-button-wrapper\">\n\t\t\t\t\t<a class=\"elementor-button elementor-button-link elementor-size-sm\" href=\"tel:0032456811579\">\n\t\t\t\t\t\t<span class=\"elementor-button-content-wrapper\">\n\t\t\t\t\t\t<span class=\"elementor-button-icon\">\n\t\t\t\t<svg aria-hidden=\"true\" class=\"e-font-icon-svg e-fas-phone-alt\" viewbox=\"0 0 512 512\" xmlns=\"http:\/\/www.w3.org\/2000\/svg\"><path d=\"M497.39 361.8l-112-48a24 24 0 0 0-28 6.9l-49.6 60.6A370.66 370.66 0 0 1 130.6 204.11l60.6-49.6a23.94 23.94 0 0 0 6.9-28l-48-112A24.16 24.16 0 0 0 122.6.61l-104 24A24 24 0 0 0 0 48c0 256.5 207.9 464 464 464a24 24 0 0 0 23.4-18.6l24-104a24.29 24.29 0 0 0-14.01-27.6z\"><\/path><\/svg>\t\t\t<\/span>\n\t\t\t\t\t\t\t\t\t<span class=\"elementor-button-text\">+32 456 81 15 79<\/span>\n\t\t\t\t\t<\/span>\n\t\t\t\t\t<\/a>\n\t\t\t\t<\/div>\n\t\t\t\t\t\t\t\t<\/div>\n\t\t\t\t<\/div>\n\t\t\t\t\t<\/div>\n\t\t\t\t<\/div>\n\t\t\t\t<\/div>","protected":false},"excerpt":{"rendered":"<p>Heb je geen tijd of woon je te ver om de massagestoelen in onze showroom te testen? Ontdek dan de Casada Showmobil! De aankoop van een massagestoel is een weloverwogen beslissing, die u vaak niet alleen neemt. In plaats van enkel af te gaan op foto\u2019s en technische informatie, wil u hoogstwaarschijnlijk liever de massagestoel [&hellip;]<\/p>\n","protected":false},"author":1,"featured_media":0,"parent":0,"menu_order":0,"comment_status":"closed","ping_status":"closed","template":"","meta":{"footnotes":""},"class_list":["post-3952","page","type-page","status-publish","hentry"],"blocksy_meta":[],"yoast_head":"<!-- This site is optimized with the Yoast SEO plugin v27.4 - https:\/\/yoast.com\/product\/yoast-seo-wordpress\/ -->\n<title>Showmobil - Luxueus Ontspannen in onze Designer Massagestoelen<\/title>\n<meta name=\"robots\" content=\"index, follow, max-snippet:-1, max-image-preview:large, max-video-preview:-1\" \/>\n<link rel=\"canonical\" href=\"https:\/\/medirelax.nl\/fr\/showmobil\/\" \/>\n<meta property=\"og:locale\" content=\"fr_FR\" \/>\n<meta property=\"og:type\" content=\"article\" \/>\n<meta property=\"og:title\" content=\"Showmobil - Luxueus Ontspannen in onze Designer Massagestoelen\" \/>\n<meta property=\"og:description\" content=\"Heb je geen tijd of woon je te ver om de massagestoelen in onze showroom te testen? Ontdek dan de Casada Showmobil! De aankoop van een massagestoel is een weloverwogen beslissing, die u vaak niet alleen neemt. In plaats van enkel af te gaan op foto\u2019s en technische informatie, wil u hoogstwaarschijnlijk liever de massagestoel [&hellip;]\" \/>\n<meta property=\"og:url\" content=\"https:\/\/medirelax.nl\/fr\/showmobil\/\" \/>\n<meta property=\"og:site_name\" content=\"MediRelaxa\" \/>\n<meta property=\"article:modified_time\" content=\"2024-09-28T11:56:53+00:00\" \/>\n<meta property=\"og:image\" content=\"https:\/\/medirelax.nl\/wp-content\/uploads\/2024\/09\/casada-levering.jpg\" \/>\n<meta name=\"twitter:card\" content=\"summary_large_image\" \/>\n<meta name=\"twitter:label1\" content=\"Dur\u00e9e de lecture estim\u00e9e\" \/>\n\t<meta name=\"twitter:data1\" content=\"2 minutes\" \/>\n<script type=\"application\/ld+json\" class=\"yoast-schema-graph\">{\"@context\":\"https:\\\/\\\/schema.org\",\"@graph\":[{\"@type\":\"WebPage\",\"@id\":\"https:\\\/\\\/medirelax.nl\\\/showmobil\\\/\",\"url\":\"https:\\\/\\\/medirelax.nl\\\/showmobil\\\/\",\"name\":\"Showmobil - Luxueus Ontspannen in onze Designer Massagestoelen\",\"isPartOf\":{\"@id\":\"https:\\\/\\\/medirelax.nl\\\/#website\"},\"primaryImageOfPage\":{\"@id\":\"https:\\\/\\\/medirelax.nl\\\/showmobil\\\/#primaryimage\"},\"image\":{\"@id\":\"https:\\\/\\\/medirelax.nl\\\/showmobil\\\/#primaryimage\"},\"thumbnailUrl\":\"https:\\\/\\\/medirelax.nl\\\/wp-content\\\/uploads\\\/2024\\\/09\\\/casada-levering.jpg\",\"datePublished\":\"2024-09-16T11:20:17+00:00\",\"dateModified\":\"2024-09-28T11:56:53+00:00\",\"inLanguage\":\"fr-FR\",\"potentialAction\":[{\"@type\":\"ReadAction\",\"target\":[\"https:\\\/\\\/medirelax.nl\\\/showmobil\\\/\"]}]},{\"@type\":\"ImageObject\",\"inLanguage\":\"fr-FR\",\"@id\":\"https:\\\/\\\/medirelax.nl\\\/showmobil\\\/#primaryimage\",\"url\":\"https:\\\/\\\/medirelax.nl\\\/wp-content\\\/uploads\\\/2024\\\/09\\\/casada-levering.jpg\",\"contentUrl\":\"https:\\\/\\\/medirelax.nl\\\/wp-content\\\/uploads\\\/2024\\\/09\\\/casada-levering.jpg\"},{\"@type\":\"WebSite\",\"@id\":\"https:\\\/\\\/medirelax.nl\\\/#website\",\"url\":\"https:\\\/\\\/medirelax.nl\\\/\",\"name\":\"MediRelaxa\",\"description\":\"Luxueus Ontspannen in onze Designer Massagestoelen\",\"publisher\":{\"@id\":\"https:\\\/\\\/medirelax.nl\\\/#organization\"},\"alternateName\":\"Ontspanning op elk moment: Beleef ultieme rust met onze massagestoelen.\",\"potentialAction\":[{\"@type\":\"SearchAction\",\"target\":{\"@type\":\"EntryPoint\",\"urlTemplate\":\"https:\\\/\\\/medirelax.nl\\\/?s={search_term_string}\"},\"query-input\":{\"@type\":\"PropertyValueSpecification\",\"valueRequired\":true,\"valueName\":\"search_term_string\"}}],\"inLanguage\":\"fr-FR\"},{\"@type\":\"Organization\",\"@id\":\"https:\\\/\\\/medirelax.nl\\\/#organization\",\"name\":\"MediRelaxa\",\"url\":\"https:\\\/\\\/medirelax.nl\\\/\",\"logo\":{\"@type\":\"ImageObject\",\"inLanguage\":\"fr-FR\",\"@id\":\"https:\\\/\\\/medirelax.nl\\\/#\\\/schema\\\/logo\\\/image\\\/\",\"url\":\"https:\\\/\\\/i0.wp.com\\\/medirelax.nl\\\/wp-content\\\/uploads\\\/2024\\\/06\\\/medirelaxa-logo-vierkant-nl.jpg?fit=1300%2C1300&ssl=1\",\"contentUrl\":\"https:\\\/\\\/i0.wp.com\\\/medirelax.nl\\\/wp-content\\\/uploads\\\/2024\\\/06\\\/medirelaxa-logo-vierkant-nl.jpg?fit=1300%2C1300&ssl=1\",\"width\":1300,\"height\":1300,\"caption\":\"MediRelaxa\"},\"image\":{\"@id\":\"https:\\\/\\\/medirelax.nl\\\/#\\\/schema\\\/logo\\\/image\\\/\"},\"sameAs\":[\"https:\\\/\\\/www.youtube.com\\\/@MediRelaxa\"]}]}<\/script>\n<!-- \/ Yoast SEO plugin. -->","yoast_head_json":{"title":"Showmobil - D\u00e9tente luxueuse dans nos fauteuils de massage design","robots":{"index":"index","follow":"follow","max-snippet":"max-snippet:-1","max-image-preview":"max-image-preview:large","max-video-preview":"max-video-preview:-1"},"canonical":"https:\/\/medirelax.nl\/fr\/showmobil\/","og_locale":"fr_FR","og_type":"article","og_title":"Showmobil - Luxueus Ontspannen in onze Designer Massagestoelen","og_description":"Heb je geen tijd of woon je te ver om de massagestoelen in onze showroom te testen? Ontdek dan de Casada Showmobil! De aankoop van een massagestoel is een weloverwogen beslissing, die u vaak niet alleen neemt. In plaats van enkel af te gaan op foto\u2019s en technische informatie, wil u hoogstwaarschijnlijk liever de massagestoel [&hellip;]","og_url":"https:\/\/medirelax.nl\/fr\/showmobil\/","og_site_name":"MediRelaxa","article_modified_time":"2024-09-28T11:56:53+00:00","og_image":[{"url":"https:\/\/medirelax.nl\/wp-content\/uploads\/2024\/09\/casada-levering.jpg","type":"","width":"","height":""}],"twitter_card":"summary_large_image","twitter_misc":{"Dur\u00e9e de lecture estim\u00e9e":"2 minutes"},"schema":{"@context":"https:\/\/schema.org","@graph":[{"@type":"WebPage","@id":"https:\/\/medirelax.nl\/showmobil\/","url":"https:\/\/medirelax.nl\/showmobil\/","name":"Showmobil - D\u00e9tente luxueuse dans nos fauteuils de massage design","isPartOf":{"@id":"https:\/\/medirelax.nl\/#website"},"primaryImageOfPage":{"@id":"https:\/\/medirelax.nl\/showmobil\/#primaryimage"},"image":{"@id":"https:\/\/medirelax.nl\/showmobil\/#primaryimage"},"thumbnailUrl":"https:\/\/medirelax.nl\/wp-content\/uploads\/2024\/09\/casada-levering.jpg","datePublished":"2024-09-16T11:20:17+00:00","dateModified":"2024-09-28T11:56:53+00:00","inLanguage":"fr-FR","potentialAction":[{"@type":"ReadAction","target":["https:\/\/medirelax.nl\/showmobil\/"]}]},{"@type":"ImageObject","inLanguage":"fr-FR","@id":"https:\/\/medirelax.nl\/showmobil\/#primaryimage","url":"https:\/\/medirelax.nl\/wp-content\/uploads\/2024\/09\/casada-levering.jpg","contentUrl":"https:\/\/medirelax.nl\/wp-content\/uploads\/2024\/09\/casada-levering.jpg"},{"@type":"WebSite","@id":"https:\/\/medirelax.nl\/#website","url":"https:\/\/medirelax.nl\/","name":"MediRelaxa","description":"D\u00e9tente luxueuse dans nos fauteuils de massage design","publisher":{"@id":"https:\/\/medirelax.nl\/#organization"},"alternateName":"Ontspanning op elk moment: Beleef ultieme rust met onze massagestoelen.","potentialAction":[{"@type":"SearchAction","target":{"@type":"EntryPoint","urlTemplate":"https:\/\/medirelax.nl\/?s={search_term_string}"},"query-input":{"@type":"PropertyValueSpecification","valueRequired":true,"valueName":"search_term_string"}}],"inLanguage":"fr-FR"},{"@type":"Organization","@id":"https:\/\/medirelax.nl\/#organization","name":"MediRelaxa","url":"https:\/\/medirelax.nl\/","logo":{"@type":"ImageObject","inLanguage":"fr-FR","@id":"https:\/\/medirelax.nl\/#\/schema\/logo\/image\/","url":"https:\/\/i0.wp.com\/medirelax.nl\/wp-content\/uploads\/2024\/06\/medirelaxa-logo-vierkant-nl.jpg?fit=1300%2C1300&ssl=1","contentUrl":"https:\/\/i0.wp.com\/medirelax.nl\/wp-content\/uploads\/2024\/06\/medirelaxa-logo-vierkant-nl.jpg?fit=1300%2C1300&ssl=1","width":1300,"height":1300,"caption":"MediRelaxa"},"image":{"@id":"https:\/\/medirelax.nl\/#\/schema\/logo\/image\/"},"sameAs":["https:\/\/www.youtube.com\/@MediRelaxa"]}]}},"jetpack_sharing_enabled":true,"_links":{"self":[{"href":"https:\/\/medirelax.nl\/fr\/wp-json\/wp\/v2\/pages\/3952","targetHints":{"allow":["GET"]}}],"collection":[{"href":"https:\/\/medirelax.nl\/fr\/wp-json\/wp\/v2\/pages"}],"about":[{"href":"https:\/\/medirelax.nl\/fr\/wp-json\/wp\/v2\/types\/page"}],"author":[{"embeddable":true,"href":"https:\/\/medirelax.nl\/fr\/wp-json\/wp\/v2\/users\/1"}],"replies":[{"embeddable":true,"href":"https:\/\/medirelax.nl\/fr\/wp-json\/wp\/v2\/comments?post=3952"}],"version-history":[{"count":8,"href":"https:\/\/medirelax.nl\/fr\/wp-json\/wp\/v2\/pages\/3952\/revisions"}],"predecessor-version":[{"id":4334,"href":"https:\/\/medirelax.nl\/fr\/wp-json\/wp\/v2\/pages\/3952\/revisions\/4334"}],"wp:attachment":[{"href":"https:\/\/medirelax.nl\/fr\/wp-json\/wp\/v2\/media?parent=3952"}],"curies":[{"name":"wp","href":"https:\/\/api.w.org\/{rel}","templated":true}]}}