{"id":2072,"date":"2024-06-03T20:37:36","date_gmt":"2024-06-03T20:37:36","guid":{"rendered":"https:\/\/medirelax.nl\/?page_id=2072"},"modified":"2025-07-09T18:56:16","modified_gmt":"2025-07-09T18:56:16","slug":"garantie-dexpedition","status":"publish","type":"page","link":"https:\/\/medirelax.nl\/fr\/garantie-dexpedition\/","title":{"rendered":"Exp\u00e9dition et garantie"},"content":{"rendered":"<div data-elementor-type=\"wp-page\" data-elementor-id=\"2072\" class=\"elementor elementor-2072\" data-elementor-post-type=\"page\">\n\t\t\t\t<div class=\"elementor-element elementor-element-e4ace3b e-flex e-con-boxed e-con e-parent\" data-id=\"e4ace3b\" data-element_type=\"container\" data-e-type=\"container\">\n\t\t\t\t\t<div class=\"e-con-inner\">\n\t\t<div class=\"elementor-element elementor-element-546e983 e-con-full e-flex e-con e-child\" data-id=\"546e983\" data-element_type=\"container\" data-e-type=\"container\">\n\t\t\t\t<div class=\"elementor-element elementor-element-bcd4c8d elementor-widget elementor-widget-heading\" data-id=\"bcd4c8d\" data-element_type=\"widget\" data-e-type=\"widget\" data-widget_type=\"heading.default\">\n\t\t\t\t<div class=\"elementor-widget-container\">\n\t\t\t\t\t<h2 class=\"elementor-heading-title elementor-size-default\">Headspa<\/h2>\t\t\t\t<\/div>\n\t\t\t\t<\/div>\n\t\t\t\t<div class=\"elementor-element elementor-element-602cf56 elementor-widget elementor-widget-text-editor\" data-id=\"602cf56\" data-element_type=\"widget\" data-e-type=\"widget\" data-widget_type=\"text-editor.default\">\n\t\t\t\t<div class=\"elementor-widget-container\">\n\t\t\t\t\t\t\t\t\t<p>Les canap\u00e9s Headspa sont exp\u00e9di\u00e9s dans toute l'Europe (hors Europe sur demande). Il est \u00e9galement possible de venir chercher soi-m\u00eame le canap\u00e9 Headspa au showroom.\u00a0<\/p><p>Nous collaborons avec des services de messagerie tels que DHL. Vous serez donc toujours contact\u00e9 lors de la livraison du Headspa. La livraison express est \u00e9galement possible en Belgique et aux Pays-Bas.<\/p><p><strong>Headspa mobile (petite palette - 80cm)<\/strong><\/p><ul><li><strong>L'Europe<\/strong>3-7 jours ; \u20ac99<\/li><\/ul><p><strong>Lit Headspa (palette double - 2m)<\/strong><\/p><ul><li><strong>Belgique, Pays-Bas :<\/strong> 3-5 jours ; \u20ac199 (livraison &lt;24h sur demande)<\/li><li><strong>France, Allemagne :<\/strong> 4-7 jours ; 199<\/li><li><strong>Italie, Espagne, Pologne, Autriche :<\/strong> 4-8 jours ; 199<\/li><li><strong>Reste de l'Europe :<\/strong> 4-8 jours ; \u20ac499<\/li><\/ul>\t\t\t\t\t\t\t\t<\/div>\n\t\t\t\t<\/div>\n\t\t\t\t<div class=\"elementor-element elementor-element-25734f9 elementor-widget elementor-widget-heading\" data-id=\"25734f9\" data-element_type=\"widget\" data-e-type=\"widget\" data-widget_type=\"heading.default\">\n\t\t\t\t<div class=\"elementor-widget-container\">\n\t\t\t\t\t<h2 class=\"elementor-heading-title elementor-size-default\">Fauteuils de massage<\/h2>\t\t\t\t<\/div>\n\t\t\t\t<\/div>\n\t\t\t\t<div class=\"elementor-element elementor-element-adaa8d5 elementor-widget elementor-widget-text-editor\" data-id=\"adaa8d5\" data-element_type=\"widget\" data-e-type=\"widget\" data-widget_type=\"text-editor.default\">\n\t\t\t\t<div class=\"elementor-widget-container\">\n\t\t\t\t\t\t\t\t\t<p>Apr\u00e8s confirmation de la commande, nous vous contacterons pour fixer un d\u00e9lai de livraison ferme.\u00a0<span style=\"color: var(--theme-text-color); font-family: inherit; font-size: inherit; font-style: inherit; font-variant-ligatures: inherit; font-variant-caps: inherit; font-weight: inherit; letter-spacing: var(--theme-letter-spacing); text-align: var(--text-align); text-transform: var(--theme-text-transform);\">Si le fauteuil de massage est en stock, nous pouvons pr\u00e9voir un d\u00e9lai de livraison de 1 \u00e0 2 semaines. <\/span><span style=\"color: var(--theme-text-color); font-family: inherit; font-size: inherit; font-style: inherit; font-variant-ligatures: inherit; font-variant-caps: inherit; font-weight: inherit; letter-spacing: var(--theme-letter-spacing); text-align: var(--text-align); text-transform: var(--theme-text-transform);\">La livraison se fera toujours en personne, o\u00f9 nous vous aiderons \u00e0 assembler la chaise et vous fournirons des instructions d'utilisation.<\/span><\/p>\t\t\t\t\t\t\t\t<\/div>\n\t\t\t\t<\/div>\n\t\t\t\t<div class=\"elementor-element elementor-element-9c38de4 elementor-widget elementor-widget-heading\" data-id=\"9c38de4\" data-element_type=\"widget\" data-e-type=\"widget\" data-widget_type=\"heading.default\">\n\t\t\t\t<div class=\"elementor-widget-container\">\n\t\t\t\t\t<h2 class=\"elementor-heading-title elementor-size-default\">Garantie Headspa<\/h2>\t\t\t\t<\/div>\n\t\t\t\t<\/div>\n\t\t\t\t<div class=\"elementor-element elementor-element-794c8e2 elementor-widget elementor-widget-text-editor\" data-id=\"794c8e2\" data-element_type=\"widget\" data-e-type=\"widget\" data-widget_type=\"text-editor.default\">\n\t\t\t\t<div class=\"elementor-widget-container\">\n\t\t\t\t\t\t\t\t\t<p>Nous offrons une garantie prolong\u00e9e d'un an sur tous les mod\u00e8les Headspa de MediRelaxa. Cette garantie couvre les d\u00e9fauts de fabrication et les d\u00e9fauts survenant lors d'une utilisation normale. Nous sommes convaincus de la qualit\u00e9 et de la durabilit\u00e9 de nos produits, et cette garantie vous donne la s\u00e9curit\u00e9 et la confiance que vous faites un investissement valable pour votre entreprise ou vos loisirs personnels. Si un probl\u00e8me inattendu survient au cours de cette p\u00e9riode, nous vous fournirons une solution appropri\u00e9e. De plus, nous disposons d'une gamme de pi\u00e8ces d\u00e9tach\u00e9es qui nous permet d'effectuer des r\u00e9parations rapides et efficaces et d'assurer la long\u00e9vit\u00e9 de votre Headspa.<\/p>\t\t\t\t\t\t\t\t<\/div>\n\t\t\t\t<\/div>\n\t\t\t\t<div class=\"elementor-element elementor-element-c262c6c elementor-widget elementor-widget-image\" data-id=\"c262c6c\" data-element_type=\"widget\" data-e-type=\"widget\" data-widget_type=\"image.default\">\n\t\t\t\t<div class=\"elementor-widget-container\">\n\t\t\t\t\t\t\t\t\t\t\t\t\t\t\t<img fetchpriority=\"high\" decoding=\"async\" width=\"1414\" height=\"1512\" src=\"https:\/\/i0.wp.com\/medirelax.nl\/wp-content\/uploads\/2024\/10\/1-copy.jpg?fit=1414%2C1512&amp;ssl=1\" class=\"attachment-full size-full wp-image-4961\" alt=\"\" srcset=\"https:\/\/i0.wp.com\/medirelax.nl\/wp-content\/uploads\/2024\/10\/1-copy.jpg?w=1414&amp;ssl=1 1414w, https:\/\/i0.wp.com\/medirelax.nl\/wp-content\/uploads\/2024\/10\/1-copy.jpg?resize=281%2C300&amp;ssl=1 281w, https:\/\/i0.wp.com\/medirelax.nl\/wp-content\/uploads\/2024\/10\/1-copy.jpg?resize=958%2C1024&amp;ssl=1 958w, https:\/\/i0.wp.com\/medirelax.nl\/wp-content\/uploads\/2024\/10\/1-copy.jpg?resize=768%2C821&amp;ssl=1 768w, https:\/\/i0.wp.com\/medirelax.nl\/wp-content\/uploads\/2024\/10\/1-copy.jpg?resize=11%2C12&amp;ssl=1 11w, https:\/\/i0.wp.com\/medirelax.nl\/wp-content\/uploads\/2024\/10\/1-copy.jpg?resize=300%2C321&amp;ssl=1 300w\" sizes=\"(max-width: 1290px) 100vw, 1290px\" \/>\t\t\t\t\t\t\t\t\t\t\t\t\t\t\t<\/div>\n\t\t\t\t<\/div>\n\t\t\t\t<div class=\"elementor-element elementor-element-4246cae elementor-widget elementor-widget-heading\" data-id=\"4246cae\" data-element_type=\"widget\" data-e-type=\"widget\" data-widget_type=\"heading.default\">\n\t\t\t\t<div class=\"elementor-widget-container\">\n\t\t\t\t\t<h2 class=\"elementor-heading-title elementor-size-default\">Garantie Fauteuils de massage<\/h2>\t\t\t\t<\/div>\n\t\t\t\t<\/div>\n\t\t\t\t<div class=\"elementor-element elementor-element-987e974 elementor-widget elementor-widget-text-editor\" data-id=\"987e974\" data-element_type=\"widget\" data-e-type=\"widget\" data-widget_type=\"text-editor.default\">\n\t\t\t\t<div class=\"elementor-widget-container\">\n\t\t\t\t\t\t\t\t\t<p>En tant que client priv\u00e9, vous avez droit \u00e0 une garantie de 24 mois. Pour les achats professionnels, cette garantie est limit\u00e9e par la loi \u00e0 12 mois.\u00a0<\/p><p>MediRelaxa offre une extension de garantie jusqu'\u00e0 5 ans sur certains produits.<br \/>Veuillez vous r\u00e9f\u00e9rer aux conditions de garantie compl\u00e8tes de tous nos produits dans les conditions g\u00e9n\u00e9rales.<\/p>\t\t\t\t\t\t\t\t<\/div>\n\t\t\t\t<\/div>\n\t\t\t\t<\/div>\n\t\t\t\t\t<\/div>\n\t\t\t\t<\/div>\n\t\t\t\t<\/div>","protected":false},"excerpt":{"rendered":"<p>Headspa De Headspa banken worden in heel Europa verzonden (buiten Europa op aanvraag). Ook is het mogelijk de headspa zelf op te halen bij de showroom.\u00a0 We werken samen met koerierdiensten zoals DHL. U zal dan altijd gecontacteerd worden wanneer de headspa geleverd wordt. Ook is in Belgi\u00eb en Nederland een express levering mogelijk. Mobiele [&hellip;]<\/p>\n","protected":false},"author":1,"featured_media":0,"parent":0,"menu_order":0,"comment_status":"closed","ping_status":"closed","template":"","meta":{"footnotes":""},"class_list":["post-2072","page","type-page","status-publish","hentry"],"blocksy_meta":[],"yoast_head":"<!-- This site is optimized with the Yoast SEO plugin v27.4 - https:\/\/yoast.com\/product\/yoast-seo-wordpress\/ -->\n<title>Verzending &amp; Garantie - Luxueus Ontspannen in onze Designer Massagestoelen<\/title>\n<meta name=\"robots\" content=\"index, follow, max-snippet:-1, max-image-preview:large, max-video-preview:-1\" \/>\n<link rel=\"canonical\" href=\"https:\/\/medirelax.nl\/fr\/garantie-dexpedition\/\" \/>\n<meta property=\"og:locale\" content=\"fr_FR\" \/>\n<meta property=\"og:type\" content=\"article\" \/>\n<meta property=\"og:title\" content=\"Verzending &amp; Garantie - Luxueus Ontspannen in onze Designer Massagestoelen\" \/>\n<meta property=\"og:description\" content=\"Headspa De Headspa banken worden in heel Europa verzonden (buiten Europa op aanvraag). Ook is het mogelijk de headspa zelf op te halen bij de showroom.\u00a0 We werken samen met koerierdiensten zoals DHL. U zal dan altijd gecontacteerd worden wanneer de headspa geleverd wordt. Ook is in Belgi\u00eb en Nederland een express levering mogelijk. Mobiele [&hellip;]\" \/>\n<meta property=\"og:url\" content=\"https:\/\/medirelax.nl\/fr\/garantie-dexpedition\/\" \/>\n<meta property=\"og:site_name\" content=\"MediRelaxa\" \/>\n<meta property=\"article:modified_time\" content=\"2025-07-09T18:56:16+00:00\" \/>\n<meta property=\"og:image\" content=\"https:\/\/medirelax.nl\/wp-content\/uploads\/2024\/10\/1-copy.jpg\" \/>\n<meta name=\"twitter:card\" content=\"summary_large_image\" \/>\n<meta name=\"twitter:label1\" content=\"Dur\u00e9e de lecture estim\u00e9e\" \/>\n\t<meta name=\"twitter:data1\" content=\"2 minutes\" \/>\n<script type=\"application\/ld+json\" class=\"yoast-schema-graph\">{\"@context\":\"https:\\\/\\\/schema.org\",\"@graph\":[{\"@type\":\"WebPage\",\"@id\":\"https:\\\/\\\/medirelax.nl\\\/verzending-garantie\\\/\",\"url\":\"https:\\\/\\\/medirelax.nl\\\/verzending-garantie\\\/\",\"name\":\"Verzending & Garantie - Luxueus Ontspannen in onze Designer Massagestoelen\",\"isPartOf\":{\"@id\":\"https:\\\/\\\/medirelax.nl\\\/#website\"},\"primaryImageOfPage\":{\"@id\":\"https:\\\/\\\/medirelax.nl\\\/verzending-garantie\\\/#primaryimage\"},\"image\":{\"@id\":\"https:\\\/\\\/medirelax.nl\\\/verzending-garantie\\\/#primaryimage\"},\"thumbnailUrl\":\"https:\\\/\\\/medirelax.nl\\\/wp-content\\\/uploads\\\/2024\\\/10\\\/1-copy.jpg\",\"datePublished\":\"2024-06-03T20:37:36+00:00\",\"dateModified\":\"2025-07-09T18:56:16+00:00\",\"inLanguage\":\"fr-FR\",\"potentialAction\":[{\"@type\":\"ReadAction\",\"target\":[\"https:\\\/\\\/medirelax.nl\\\/verzending-garantie\\\/\"]}]},{\"@type\":\"ImageObject\",\"inLanguage\":\"fr-FR\",\"@id\":\"https:\\\/\\\/medirelax.nl\\\/verzending-garantie\\\/#primaryimage\",\"url\":\"https:\\\/\\\/medirelax.nl\\\/wp-content\\\/uploads\\\/2024\\\/10\\\/1-copy.jpg\",\"contentUrl\":\"https:\\\/\\\/medirelax.nl\\\/wp-content\\\/uploads\\\/2024\\\/10\\\/1-copy.jpg\"},{\"@type\":\"WebSite\",\"@id\":\"https:\\\/\\\/medirelax.nl\\\/#website\",\"url\":\"https:\\\/\\\/medirelax.nl\\\/\",\"name\":\"MediRelaxa\",\"description\":\"Luxueus Ontspannen in onze Designer Massagestoelen\",\"publisher\":{\"@id\":\"https:\\\/\\\/medirelax.nl\\\/#organization\"},\"alternateName\":\"Ontspanning op elk moment: Beleef ultieme rust met onze massagestoelen.\",\"potentialAction\":[{\"@type\":\"SearchAction\",\"target\":{\"@type\":\"EntryPoint\",\"urlTemplate\":\"https:\\\/\\\/medirelax.nl\\\/?s={search_term_string}\"},\"query-input\":{\"@type\":\"PropertyValueSpecification\",\"valueRequired\":true,\"valueName\":\"search_term_string\"}}],\"inLanguage\":\"fr-FR\"},{\"@type\":\"Organization\",\"@id\":\"https:\\\/\\\/medirelax.nl\\\/#organization\",\"name\":\"MediRelaxa\",\"url\":\"https:\\\/\\\/medirelax.nl\\\/\",\"logo\":{\"@type\":\"ImageObject\",\"inLanguage\":\"fr-FR\",\"@id\":\"https:\\\/\\\/medirelax.nl\\\/#\\\/schema\\\/logo\\\/image\\\/\",\"url\":\"https:\\\/\\\/i0.wp.com\\\/medirelax.nl\\\/wp-content\\\/uploads\\\/2024\\\/06\\\/medirelaxa-logo-vierkant-nl.jpg?fit=1300%2C1300&ssl=1\",\"contentUrl\":\"https:\\\/\\\/i0.wp.com\\\/medirelax.nl\\\/wp-content\\\/uploads\\\/2024\\\/06\\\/medirelaxa-logo-vierkant-nl.jpg?fit=1300%2C1300&ssl=1\",\"width\":1300,\"height\":1300,\"caption\":\"MediRelaxa\"},\"image\":{\"@id\":\"https:\\\/\\\/medirelax.nl\\\/#\\\/schema\\\/logo\\\/image\\\/\"},\"sameAs\":[\"https:\\\/\\\/www.youtube.com\\\/@MediRelaxa\"]}]}<\/script>\n<!-- \/ Yoast SEO plugin. -->","yoast_head_json":{"title":"Exp\u00e9dition et garantie - D\u00e9tendez-vous luxueusement dans nos fauteuils de massage design","robots":{"index":"index","follow":"follow","max-snippet":"max-snippet:-1","max-image-preview":"max-image-preview:large","max-video-preview":"max-video-preview:-1"},"canonical":"https:\/\/medirelax.nl\/fr\/garantie-dexpedition\/","og_locale":"fr_FR","og_type":"article","og_title":"Verzending & Garantie - Luxueus Ontspannen in onze Designer Massagestoelen","og_description":"Headspa De Headspa banken worden in heel Europa verzonden (buiten Europa op aanvraag). Ook is het mogelijk de headspa zelf op te halen bij de showroom.\u00a0 We werken samen met koerierdiensten zoals DHL. U zal dan altijd gecontacteerd worden wanneer de headspa geleverd wordt. Ook is in Belgi\u00eb en Nederland een express levering mogelijk. Mobiele [&hellip;]","og_url":"https:\/\/medirelax.nl\/fr\/garantie-dexpedition\/","og_site_name":"MediRelaxa","article_modified_time":"2025-07-09T18:56:16+00:00","og_image":[{"url":"https:\/\/medirelax.nl\/wp-content\/uploads\/2024\/10\/1-copy.jpg","type":"","width":"","height":""}],"twitter_card":"summary_large_image","twitter_misc":{"Dur\u00e9e de lecture estim\u00e9e":"2 minutes"},"schema":{"@context":"https:\/\/schema.org","@graph":[{"@type":"WebPage","@id":"https:\/\/medirelax.nl\/verzending-garantie\/","url":"https:\/\/medirelax.nl\/verzending-garantie\/","name":"Exp\u00e9dition et garantie - D\u00e9tendez-vous luxueusement dans nos fauteuils de massage design","isPartOf":{"@id":"https:\/\/medirelax.nl\/#website"},"primaryImageOfPage":{"@id":"https:\/\/medirelax.nl\/verzending-garantie\/#primaryimage"},"image":{"@id":"https:\/\/medirelax.nl\/verzending-garantie\/#primaryimage"},"thumbnailUrl":"https:\/\/medirelax.nl\/wp-content\/uploads\/2024\/10\/1-copy.jpg","datePublished":"2024-06-03T20:37:36+00:00","dateModified":"2025-07-09T18:56:16+00:00","inLanguage":"fr-FR","potentialAction":[{"@type":"ReadAction","target":["https:\/\/medirelax.nl\/verzending-garantie\/"]}]},{"@type":"ImageObject","inLanguage":"fr-FR","@id":"https:\/\/medirelax.nl\/verzending-garantie\/#primaryimage","url":"https:\/\/medirelax.nl\/wp-content\/uploads\/2024\/10\/1-copy.jpg","contentUrl":"https:\/\/medirelax.nl\/wp-content\/uploads\/2024\/10\/1-copy.jpg"},{"@type":"WebSite","@id":"https:\/\/medirelax.nl\/#website","url":"https:\/\/medirelax.nl\/","name":"MediRelaxa","description":"D\u00e9tente luxueuse dans nos fauteuils de massage design","publisher":{"@id":"https:\/\/medirelax.nl\/#organization"},"alternateName":"Ontspanning op elk moment: Beleef ultieme rust met onze massagestoelen.","potentialAction":[{"@type":"SearchAction","target":{"@type":"EntryPoint","urlTemplate":"https:\/\/medirelax.nl\/?s={search_term_string}"},"query-input":{"@type":"PropertyValueSpecification","valueRequired":true,"valueName":"search_term_string"}}],"inLanguage":"fr-FR"},{"@type":"Organization","@id":"https:\/\/medirelax.nl\/#organization","name":"MediRelaxa","url":"https:\/\/medirelax.nl\/","logo":{"@type":"ImageObject","inLanguage":"fr-FR","@id":"https:\/\/medirelax.nl\/#\/schema\/logo\/image\/","url":"https:\/\/i0.wp.com\/medirelax.nl\/wp-content\/uploads\/2024\/06\/medirelaxa-logo-vierkant-nl.jpg?fit=1300%2C1300&ssl=1","contentUrl":"https:\/\/i0.wp.com\/medirelax.nl\/wp-content\/uploads\/2024\/06\/medirelaxa-logo-vierkant-nl.jpg?fit=1300%2C1300&ssl=1","width":1300,"height":1300,"caption":"MediRelaxa"},"image":{"@id":"https:\/\/medirelax.nl\/#\/schema\/logo\/image\/"},"sameAs":["https:\/\/www.youtube.com\/@MediRelaxa"]}]}},"jetpack_sharing_enabled":true,"_links":{"self":[{"href":"https:\/\/medirelax.nl\/fr\/wp-json\/wp\/v2\/pages\/2072","targetHints":{"allow":["GET"]}}],"collection":[{"href":"https:\/\/medirelax.nl\/fr\/wp-json\/wp\/v2\/pages"}],"about":[{"href":"https:\/\/medirelax.nl\/fr\/wp-json\/wp\/v2\/types\/page"}],"author":[{"embeddable":true,"href":"https:\/\/medirelax.nl\/fr\/wp-json\/wp\/v2\/users\/1"}],"replies":[{"embeddable":true,"href":"https:\/\/medirelax.nl\/fr\/wp-json\/wp\/v2\/comments?post=2072"}],"version-history":[{"count":58,"href":"https:\/\/medirelax.nl\/fr\/wp-json\/wp\/v2\/pages\/2072\/revisions"}],"predecessor-version":[{"id":12187,"href":"https:\/\/medirelax.nl\/fr\/wp-json\/wp\/v2\/pages\/2072\/revisions\/12187"}],"wp:attachment":[{"href":"https:\/\/medirelax.nl\/fr\/wp-json\/wp\/v2\/media?parent=2072"}],"curies":[{"name":"wp","href":"https:\/\/api.w.org\/{rel}","templated":true}]}}