{"id":2072,"date":"2024-06-03T20:37:36","date_gmt":"2024-06-03T20:37:36","guid":{"rendered":"https:\/\/medirelax.nl\/?page_id=2072"},"modified":"2025-07-09T18:56:16","modified_gmt":"2025-07-09T18:56:16","slug":"garantia-de-envio","status":"publish","type":"page","link":"https:\/\/medirelax.nl\/es\/garantia-de-envio\/","title":{"rendered":"Env\u00edo y garant\u00eda"},"content":{"rendered":"<div data-elementor-type=\"wp-page\" data-elementor-id=\"2072\" class=\"elementor elementor-2072\" data-elementor-post-type=\"page\">\n\t\t\t\t<div class=\"elementor-element elementor-element-e4ace3b e-flex e-con-boxed e-con e-parent\" data-id=\"e4ace3b\" data-element_type=\"container\" data-e-type=\"container\">\n\t\t\t\t\t<div class=\"e-con-inner\">\n\t\t<div class=\"elementor-element elementor-element-546e983 e-con-full e-flex e-con e-child\" data-id=\"546e983\" data-element_type=\"container\" data-e-type=\"container\">\n\t\t\t\t<div class=\"elementor-element elementor-element-bcd4c8d elementor-widget elementor-widget-heading\" data-id=\"bcd4c8d\" data-element_type=\"widget\" data-e-type=\"widget\" data-widget_type=\"heading.default\">\n\t\t\t\t<div class=\"elementor-widget-container\">\n\t\t\t\t\t<h2 class=\"elementor-heading-title elementor-size-default\">Headspa<\/h2>\t\t\t\t<\/div>\n\t\t\t\t<\/div>\n\t\t\t\t<div class=\"elementor-element elementor-element-602cf56 elementor-widget elementor-widget-text-editor\" data-id=\"602cf56\" data-element_type=\"widget\" data-e-type=\"widget\" data-widget_type=\"text-editor.default\">\n\t\t\t\t<div class=\"elementor-widget-container\">\n\t\t\t\t\t\t\t\t\t<p>Los sof\u00e1s Headspa se env\u00edan a toda Europa (fuera de Europa a petici\u00f3n). Tambi\u00e9n es posible recoger el headspa usted mismo en la sala de exposiciones.\u00a0<\/p><p>Colaboramos con servicios de mensajer\u00eda como DHL. De este modo, siempre nos pondremos en contacto con usted cuando le entreguemos el headspa. La entrega urgente tambi\u00e9n es posible en B\u00e9lgica y los Pa\u00edses Bajos.<\/p><p><strong>Cabezal m\u00f3vil (paleta peque\u00f1a - 80 cm)<\/strong><\/p><ul><li><strong>Europa<\/strong>: 3-7 d\u00edas; 99 euros<\/li><\/ul><p><strong>Cama Headspa (paleta doble - 2m)<\/strong><\/p><ul><li><strong>B\u00e9lgica, Pa\u00edses Bajos:<\/strong> 3-5 d\u00edas; 199 euros (entrega &lt;24h a petici\u00f3n)<\/li><li><strong>Francia, Alemania:<\/strong> 4-7 d\u00edas; 199 euros<\/li><li><strong>Italia, Espa\u00f1a, Polonia, Austria:<\/strong> 4-8 d\u00edas; 199 euros<\/li><li><strong>Resto de Europa:<\/strong> 4-8 d\u00edas; 499 euros<\/li><\/ul>\t\t\t\t\t\t\t\t<\/div>\n\t\t\t\t<\/div>\n\t\t\t\t<div class=\"elementor-element elementor-element-25734f9 elementor-widget elementor-widget-heading\" data-id=\"25734f9\" data-element_type=\"widget\" data-e-type=\"widget\" data-widget_type=\"heading.default\">\n\t\t\t\t<div class=\"elementor-widget-container\">\n\t\t\t\t\t<h2 class=\"elementor-heading-title elementor-size-default\">Sillones de masaje<\/h2>\t\t\t\t<\/div>\n\t\t\t\t<\/div>\n\t\t\t\t<div class=\"elementor-element elementor-element-adaa8d5 elementor-widget elementor-widget-text-editor\" data-id=\"adaa8d5\" data-element_type=\"widget\" data-e-type=\"widget\" data-widget_type=\"text-editor.default\">\n\t\t\t\t<div class=\"elementor-widget-container\">\n\t\t\t\t\t\t\t\t\t<p>Tras la confirmaci\u00f3n del pedido, nos pondremos en contacto con usted para fijar una hora de entrega.\u00a0<span style=\"color: var(--theme-text-color); font-family: inherit; font-size: inherit; font-style: inherit; font-variant-ligatures: inherit; font-variant-caps: inherit; font-weight: inherit; letter-spacing: var(--theme-letter-spacing); text-align: var(--text-align); text-transform: var(--theme-text-transform);\">Si el sill\u00f3n de masaje est\u00e1 en stock, podemos programar un plazo de entrega de 1-2 semanas. <\/span><span style=\"color: var(--theme-text-color); font-family: inherit; font-size: inherit; font-style: inherit; font-variant-ligatures: inherit; font-variant-caps: inherit; font-weight: inherit; letter-spacing: var(--theme-letter-spacing); text-align: var(--text-align); text-transform: var(--theme-text-transform);\">La entrega se realizar\u00e1 siempre en persona, donde le ayudaremos a montar la silla y le facilitaremos las instrucciones de uso.<\/span><\/p>\t\t\t\t\t\t\t\t<\/div>\n\t\t\t\t<\/div>\n\t\t\t\t<div class=\"elementor-element elementor-element-9c38de4 elementor-widget elementor-widget-heading\" data-id=\"9c38de4\" data-element_type=\"widget\" data-e-type=\"widget\" data-widget_type=\"heading.default\">\n\t\t\t\t<div class=\"elementor-widget-container\">\n\t\t\t\t\t<h2 class=\"elementor-heading-title elementor-size-default\">Garant\u00eda Headspa<\/h2>\t\t\t\t<\/div>\n\t\t\t\t<\/div>\n\t\t\t\t<div class=\"elementor-element elementor-element-794c8e2 elementor-widget elementor-widget-text-editor\" data-id=\"794c8e2\" data-element_type=\"widget\" data-e-type=\"widget\" data-widget_type=\"text-editor.default\">\n\t\t\t\t<div class=\"elementor-widget-container\">\n\t\t\t\t\t\t\t\t\t<p>Ofrecemos una garant\u00eda extendida de 1 a\u00f1o en todos los modelos Headspa de MediRelaxa. Esta garant\u00eda cubre los defectos de fabricaci\u00f3n y los defectos que se producen durante el uso normal. Respaldamos la calidad y durabilidad de nuestros productos, y esta garant\u00eda le da la seguridad y confianza de que est\u00e1 haciendo una inversi\u00f3n que merece la pena para su negocio o su ocio personal. En caso de que surja un problema inesperado durante este periodo, le proporcionaremos una soluci\u00f3n adecuada. Adem\u00e1s, disponemos de una gama de piezas de repuesto, por lo que podemos realizar cualquier reparaci\u00f3n de forma r\u00e1pida y eficaz y garantizar la longevidad de su Headspa.<\/p>\t\t\t\t\t\t\t\t<\/div>\n\t\t\t\t<\/div>\n\t\t\t\t<div class=\"elementor-element elementor-element-c262c6c elementor-widget elementor-widget-image\" data-id=\"c262c6c\" data-element_type=\"widget\" data-e-type=\"widget\" data-widget_type=\"image.default\">\n\t\t\t\t<div class=\"elementor-widget-container\">\n\t\t\t\t\t\t\t\t\t\t\t\t\t\t\t<img fetchpriority=\"high\" decoding=\"async\" width=\"1414\" height=\"1512\" src=\"https:\/\/i0.wp.com\/medirelax.nl\/wp-content\/uploads\/2024\/10\/1-copy.jpg?fit=1414%2C1512&amp;ssl=1\" class=\"attachment-full size-full wp-image-4961\" alt=\"\" srcset=\"https:\/\/i0.wp.com\/medirelax.nl\/wp-content\/uploads\/2024\/10\/1-copy.jpg?w=1414&amp;ssl=1 1414w, https:\/\/i0.wp.com\/medirelax.nl\/wp-content\/uploads\/2024\/10\/1-copy.jpg?resize=281%2C300&amp;ssl=1 281w, https:\/\/i0.wp.com\/medirelax.nl\/wp-content\/uploads\/2024\/10\/1-copy.jpg?resize=958%2C1024&amp;ssl=1 958w, https:\/\/i0.wp.com\/medirelax.nl\/wp-content\/uploads\/2024\/10\/1-copy.jpg?resize=768%2C821&amp;ssl=1 768w, https:\/\/i0.wp.com\/medirelax.nl\/wp-content\/uploads\/2024\/10\/1-copy.jpg?resize=11%2C12&amp;ssl=1 11w, https:\/\/i0.wp.com\/medirelax.nl\/wp-content\/uploads\/2024\/10\/1-copy.jpg?resize=300%2C321&amp;ssl=1 300w\" sizes=\"(max-width: 1290px) 100vw, 1290px\" \/>\t\t\t\t\t\t\t\t\t\t\t\t\t\t\t<\/div>\n\t\t\t\t<\/div>\n\t\t\t\t<div class=\"elementor-element elementor-element-4246cae elementor-widget elementor-widget-heading\" data-id=\"4246cae\" data-element_type=\"widget\" data-e-type=\"widget\" data-widget_type=\"heading.default\">\n\t\t\t\t<div class=\"elementor-widget-container\">\n\t\t\t\t\t<h2 class=\"elementor-heading-title elementor-size-default\">Garant\u00eda Sillones de masaje<\/h2>\t\t\t\t<\/div>\n\t\t\t\t<\/div>\n\t\t\t\t<div class=\"elementor-element elementor-element-987e974 elementor-widget elementor-widget-text-editor\" data-id=\"987e974\" data-element_type=\"widget\" data-e-type=\"widget\" data-widget_type=\"text-editor.default\">\n\t\t\t\t<div class=\"elementor-widget-container\">\n\t\t\t\t\t\t\t\t\t<p>Como cliente particular, tiene derecho a una garant\u00eda de 24 meses. Para las compras de empresas, esta garant\u00eda est\u00e1 limitada por ley a 12 meses.\u00a0<\/p><p>MediRelaxa ofrece una ampliaci\u00f3n de garant\u00eda de hasta 5 a\u00f1os en determinados productos.<br \/>Consulte las condiciones de garant\u00eda completas de todos nuestros productos en las condiciones generales.<\/p>\t\t\t\t\t\t\t\t<\/div>\n\t\t\t\t<\/div>\n\t\t\t\t<\/div>\n\t\t\t\t\t<\/div>\n\t\t\t\t<\/div>\n\t\t\t\t<\/div>","protected":false},"excerpt":{"rendered":"<p>Headspa De Headspa banken worden in heel Europa verzonden (buiten Europa op aanvraag). Ook is het mogelijk de headspa zelf op te halen bij de showroom.\u00a0 We werken samen met koerierdiensten zoals DHL. U zal dan altijd gecontacteerd worden wanneer de headspa geleverd wordt. Ook is in Belgi\u00eb en Nederland een express levering mogelijk. Mobiele [&hellip;]<\/p>\n","protected":false},"author":1,"featured_media":0,"parent":0,"menu_order":0,"comment_status":"closed","ping_status":"closed","template":"","meta":{"footnotes":""},"class_list":["post-2072","page","type-page","status-publish","hentry"],"blocksy_meta":[],"yoast_head":"<!-- This site is optimized with the Yoast SEO plugin v27.4 - https:\/\/yoast.com\/product\/yoast-seo-wordpress\/ -->\n<title>Verzending &amp; Garantie - Luxueus Ontspannen in onze Designer Massagestoelen<\/title>\n<meta name=\"robots\" content=\"index, follow, max-snippet:-1, max-image-preview:large, max-video-preview:-1\" \/>\n<link rel=\"canonical\" href=\"https:\/\/medirelax.nl\/es\/garantia-de-envio\/\" \/>\n<meta property=\"og:locale\" content=\"es_ES\" \/>\n<meta property=\"og:type\" content=\"article\" \/>\n<meta property=\"og:title\" content=\"Verzending &amp; Garantie - Luxueus Ontspannen in onze Designer Massagestoelen\" \/>\n<meta property=\"og:description\" content=\"Headspa De Headspa banken worden in heel Europa verzonden (buiten Europa op aanvraag). Ook is het mogelijk de headspa zelf op te halen bij de showroom.\u00a0 We werken samen met koerierdiensten zoals DHL. U zal dan altijd gecontacteerd worden wanneer de headspa geleverd wordt. Ook is in Belgi\u00eb en Nederland een express levering mogelijk. Mobiele [&hellip;]\" \/>\n<meta property=\"og:url\" content=\"https:\/\/medirelax.nl\/es\/garantia-de-envio\/\" \/>\n<meta property=\"og:site_name\" content=\"MediRelaxa\" \/>\n<meta property=\"article:modified_time\" content=\"2025-07-09T18:56:16+00:00\" \/>\n<meta property=\"og:image\" content=\"https:\/\/medirelax.nl\/wp-content\/uploads\/2024\/10\/1-copy.jpg\" \/>\n<meta name=\"twitter:card\" content=\"summary_large_image\" \/>\n<meta name=\"twitter:label1\" content=\"Tiempo de lectura\" \/>\n\t<meta name=\"twitter:data1\" content=\"2 minutos\" \/>\n<script type=\"application\/ld+json\" class=\"yoast-schema-graph\">{\"@context\":\"https:\\\/\\\/schema.org\",\"@graph\":[{\"@type\":\"WebPage\",\"@id\":\"https:\\\/\\\/medirelax.nl\\\/verzending-garantie\\\/\",\"url\":\"https:\\\/\\\/medirelax.nl\\\/verzending-garantie\\\/\",\"name\":\"Verzending & Garantie - Luxueus Ontspannen in onze Designer Massagestoelen\",\"isPartOf\":{\"@id\":\"https:\\\/\\\/medirelax.nl\\\/#website\"},\"primaryImageOfPage\":{\"@id\":\"https:\\\/\\\/medirelax.nl\\\/verzending-garantie\\\/#primaryimage\"},\"image\":{\"@id\":\"https:\\\/\\\/medirelax.nl\\\/verzending-garantie\\\/#primaryimage\"},\"thumbnailUrl\":\"https:\\\/\\\/medirelax.nl\\\/wp-content\\\/uploads\\\/2024\\\/10\\\/1-copy.jpg\",\"datePublished\":\"2024-06-03T20:37:36+00:00\",\"dateModified\":\"2025-07-09T18:56:16+00:00\",\"inLanguage\":\"es\",\"potentialAction\":[{\"@type\":\"ReadAction\",\"target\":[\"https:\\\/\\\/medirelax.nl\\\/verzending-garantie\\\/\"]}]},{\"@type\":\"ImageObject\",\"inLanguage\":\"es\",\"@id\":\"https:\\\/\\\/medirelax.nl\\\/verzending-garantie\\\/#primaryimage\",\"url\":\"https:\\\/\\\/medirelax.nl\\\/wp-content\\\/uploads\\\/2024\\\/10\\\/1-copy.jpg\",\"contentUrl\":\"https:\\\/\\\/medirelax.nl\\\/wp-content\\\/uploads\\\/2024\\\/10\\\/1-copy.jpg\"},{\"@type\":\"WebSite\",\"@id\":\"https:\\\/\\\/medirelax.nl\\\/#website\",\"url\":\"https:\\\/\\\/medirelax.nl\\\/\",\"name\":\"MediRelaxa\",\"description\":\"Luxueus Ontspannen in onze Designer Massagestoelen\",\"publisher\":{\"@id\":\"https:\\\/\\\/medirelax.nl\\\/#organization\"},\"alternateName\":\"Ontspanning op elk moment: Beleef ultieme rust met onze massagestoelen.\",\"potentialAction\":[{\"@type\":\"SearchAction\",\"target\":{\"@type\":\"EntryPoint\",\"urlTemplate\":\"https:\\\/\\\/medirelax.nl\\\/?s={search_term_string}\"},\"query-input\":{\"@type\":\"PropertyValueSpecification\",\"valueRequired\":true,\"valueName\":\"search_term_string\"}}],\"inLanguage\":\"es\"},{\"@type\":\"Organization\",\"@id\":\"https:\\\/\\\/medirelax.nl\\\/#organization\",\"name\":\"MediRelaxa\",\"url\":\"https:\\\/\\\/medirelax.nl\\\/\",\"logo\":{\"@type\":\"ImageObject\",\"inLanguage\":\"es\",\"@id\":\"https:\\\/\\\/medirelax.nl\\\/#\\\/schema\\\/logo\\\/image\\\/\",\"url\":\"https:\\\/\\\/i0.wp.com\\\/medirelax.nl\\\/wp-content\\\/uploads\\\/2024\\\/06\\\/medirelaxa-logo-vierkant-nl.jpg?fit=1300%2C1300&ssl=1\",\"contentUrl\":\"https:\\\/\\\/i0.wp.com\\\/medirelax.nl\\\/wp-content\\\/uploads\\\/2024\\\/06\\\/medirelaxa-logo-vierkant-nl.jpg?fit=1300%2C1300&ssl=1\",\"width\":1300,\"height\":1300,\"caption\":\"MediRelaxa\"},\"image\":{\"@id\":\"https:\\\/\\\/medirelax.nl\\\/#\\\/schema\\\/logo\\\/image\\\/\"},\"sameAs\":[\"https:\\\/\\\/www.youtube.com\\\/@MediRelaxa\"]}]}<\/script>\n<!-- \/ Yoast SEO plugin. -->","yoast_head_json":{"title":"Env\u00edo y garant\u00eda - Rel\u00e1jese lujosamente en nuestros sillones de masaje de dise\u00f1o","robots":{"index":"index","follow":"follow","max-snippet":"max-snippet:-1","max-image-preview":"max-image-preview:large","max-video-preview":"max-video-preview:-1"},"canonical":"https:\/\/medirelax.nl\/es\/garantia-de-envio\/","og_locale":"es_ES","og_type":"article","og_title":"Verzending & Garantie - Luxueus Ontspannen in onze Designer Massagestoelen","og_description":"Headspa De Headspa banken worden in heel Europa verzonden (buiten Europa op aanvraag). Ook is het mogelijk de headspa zelf op te halen bij de showroom.\u00a0 We werken samen met koerierdiensten zoals DHL. U zal dan altijd gecontacteerd worden wanneer de headspa geleverd wordt. Ook is in Belgi\u00eb en Nederland een express levering mogelijk. Mobiele [&hellip;]","og_url":"https:\/\/medirelax.nl\/es\/garantia-de-envio\/","og_site_name":"MediRelaxa","article_modified_time":"2025-07-09T18:56:16+00:00","og_image":[{"url":"https:\/\/medirelax.nl\/wp-content\/uploads\/2024\/10\/1-copy.jpg","type":"","width":"","height":""}],"twitter_card":"summary_large_image","twitter_misc":{"Tiempo de lectura":"2 minutos"},"schema":{"@context":"https:\/\/schema.org","@graph":[{"@type":"WebPage","@id":"https:\/\/medirelax.nl\/verzending-garantie\/","url":"https:\/\/medirelax.nl\/verzending-garantie\/","name":"Env\u00edo y garant\u00eda - Rel\u00e1jese lujosamente en nuestros sillones de masaje de dise\u00f1o","isPartOf":{"@id":"https:\/\/medirelax.nl\/#website"},"primaryImageOfPage":{"@id":"https:\/\/medirelax.nl\/verzending-garantie\/#primaryimage"},"image":{"@id":"https:\/\/medirelax.nl\/verzending-garantie\/#primaryimage"},"thumbnailUrl":"https:\/\/medirelax.nl\/wp-content\/uploads\/2024\/10\/1-copy.jpg","datePublished":"2024-06-03T20:37:36+00:00","dateModified":"2025-07-09T18:56:16+00:00","inLanguage":"es","potentialAction":[{"@type":"ReadAction","target":["https:\/\/medirelax.nl\/verzending-garantie\/"]}]},{"@type":"ImageObject","inLanguage":"es","@id":"https:\/\/medirelax.nl\/verzending-garantie\/#primaryimage","url":"https:\/\/medirelax.nl\/wp-content\/uploads\/2024\/10\/1-copy.jpg","contentUrl":"https:\/\/medirelax.nl\/wp-content\/uploads\/2024\/10\/1-copy.jpg"},{"@type":"WebSite","@id":"https:\/\/medirelax.nl\/#website","url":"https:\/\/medirelax.nl\/","name":"MediRelaxa","description":"Relajaci\u00f3n de lujo en nuestros sillones de masaje de dise\u00f1o","publisher":{"@id":"https:\/\/medirelax.nl\/#organization"},"alternateName":"Ontspanning op elk moment: Beleef ultieme rust met onze massagestoelen.","potentialAction":[{"@type":"SearchAction","target":{"@type":"EntryPoint","urlTemplate":"https:\/\/medirelax.nl\/?s={search_term_string}"},"query-input":{"@type":"PropertyValueSpecification","valueRequired":true,"valueName":"search_term_string"}}],"inLanguage":"es"},{"@type":"Organization","@id":"https:\/\/medirelax.nl\/#organization","name":"MediRelaxa","url":"https:\/\/medirelax.nl\/","logo":{"@type":"ImageObject","inLanguage":"es","@id":"https:\/\/medirelax.nl\/#\/schema\/logo\/image\/","url":"https:\/\/i0.wp.com\/medirelax.nl\/wp-content\/uploads\/2024\/06\/medirelaxa-logo-vierkant-nl.jpg?fit=1300%2C1300&ssl=1","contentUrl":"https:\/\/i0.wp.com\/medirelax.nl\/wp-content\/uploads\/2024\/06\/medirelaxa-logo-vierkant-nl.jpg?fit=1300%2C1300&ssl=1","width":1300,"height":1300,"caption":"MediRelaxa"},"image":{"@id":"https:\/\/medirelax.nl\/#\/schema\/logo\/image\/"},"sameAs":["https:\/\/www.youtube.com\/@MediRelaxa"]}]}},"jetpack_sharing_enabled":true,"_links":{"self":[{"href":"https:\/\/medirelax.nl\/es\/wp-json\/wp\/v2\/pages\/2072","targetHints":{"allow":["GET"]}}],"collection":[{"href":"https:\/\/medirelax.nl\/es\/wp-json\/wp\/v2\/pages"}],"about":[{"href":"https:\/\/medirelax.nl\/es\/wp-json\/wp\/v2\/types\/page"}],"author":[{"embeddable":true,"href":"https:\/\/medirelax.nl\/es\/wp-json\/wp\/v2\/users\/1"}],"replies":[{"embeddable":true,"href":"https:\/\/medirelax.nl\/es\/wp-json\/wp\/v2\/comments?post=2072"}],"version-history":[{"count":58,"href":"https:\/\/medirelax.nl\/es\/wp-json\/wp\/v2\/pages\/2072\/revisions"}],"predecessor-version":[{"id":12187,"href":"https:\/\/medirelax.nl\/es\/wp-json\/wp\/v2\/pages\/2072\/revisions\/12187"}],"wp:attachment":[{"href":"https:\/\/medirelax.nl\/es\/wp-json\/wp\/v2\/media?parent=2072"}],"curies":[{"name":"wp","href":"https:\/\/api.w.org\/{rel}","templated":true}]}}