{"id":3952,"date":"2024-09-16T11:20:17","date_gmt":"2024-09-16T11:20:17","guid":{"rendered":"https:\/\/medirelax.nl\/?page_id=3952"},"modified":"2024-09-28T11:56:53","modified_gmt":"2024-09-28T11:56:53","slug":"showmobil","status":"publish","type":"page","link":"https:\/\/medirelax.nl\/de\/showmobil\/","title":{"rendered":"Showmobil"},"content":{"rendered":"<div data-elementor-type=\"wp-page\" data-elementor-id=\"3952\" class=\"elementor elementor-3952\" data-elementor-post-type=\"page\">\n\t\t\t\t<div class=\"elementor-element elementor-element-e4ace3b e-flex e-con-boxed e-con e-parent\" data-id=\"e4ace3b\" data-element_type=\"container\" data-e-type=\"container\">\n\t\t\t\t\t<div class=\"e-con-inner\">\n\t\t<div class=\"elementor-element elementor-element-546e983 e-con-full e-flex e-con e-child\" data-id=\"546e983\" data-element_type=\"container\" data-e-type=\"container\">\n\t\t\t\t<div class=\"elementor-element elementor-element-33cf2b2 elementor-widget elementor-widget-image\" data-id=\"33cf2b2\" data-element_type=\"widget\" data-e-type=\"widget\" data-widget_type=\"image.default\">\n\t\t\t\t<div class=\"elementor-widget-container\">\n\t\t\t\t\t\t\t\t\t\t\t\t\t\t\t<img fetchpriority=\"high\" decoding=\"async\" width=\"1333\" height=\"895\" src=\"https:\/\/i0.wp.com\/medirelax.nl\/wp-content\/uploads\/2024\/09\/casada-levering.jpg?fit=1333%2C895&amp;ssl=1\" class=\"attachment-full size-full wp-image-3927\" alt=\"Bus von Casada zur Lieferung von Massagesesseln\" srcset=\"https:\/\/i0.wp.com\/medirelax.nl\/wp-content\/uploads\/2024\/09\/casada-levering.jpg?w=1333&amp;ssl=1 1333w, https:\/\/i0.wp.com\/medirelax.nl\/wp-content\/uploads\/2024\/09\/casada-levering.jpg?resize=300%2C201&amp;ssl=1 300w, https:\/\/i0.wp.com\/medirelax.nl\/wp-content\/uploads\/2024\/09\/casada-levering.jpg?resize=1024%2C688&amp;ssl=1 1024w, https:\/\/i0.wp.com\/medirelax.nl\/wp-content\/uploads\/2024\/09\/casada-levering.jpg?resize=768%2C516&amp;ssl=1 768w, https:\/\/i0.wp.com\/medirelax.nl\/wp-content\/uploads\/2024\/09\/casada-levering.jpg?resize=18%2C12&amp;ssl=1 18w\" sizes=\"(max-width: 1290px) 100vw, 1290px\" \/>\t\t\t\t\t\t\t\t\t\t\t\t\t\t\t<\/div>\n\t\t\t\t<\/div>\n\t\t\t\t<div class=\"elementor-element elementor-element-087f4b3 elementor-widget elementor-widget-text-editor\" data-id=\"087f4b3\" data-element_type=\"widget\" data-e-type=\"widget\" data-widget_type=\"text-editor.default\">\n\t\t\t\t<div class=\"elementor-widget-container\">\n\t\t\t\t\t\t\t\t\t<p>Sie haben keine Zeit oder wohnen zu weit weg, um die Massagesessel in unserem Showroom zu testen? Dann entdecken Sie das Casada Showmobil!<\/p>\n<p>Der Kauf eines Massagesessels ist eine gut durchdachte Entscheidung, die Sie oft nicht allein treffen. Anstatt sich nur auf Fotos und technische Informationen zu verlassen, w\u00fcrden Sie es wahrscheinlich vorziehen, den Massagesessel auszuprobieren und alle Informationen zu h\u00f6ren, zu sehen und zu f\u00fchlen und eine Antwort auf alle Ihre Fragen zu Lieferung, Garantie, Montage und Kundendienst zu erhalten.<\/p>\n<p>Um Sie alle noch besser zu bedienen, gibt es das Casada Showmobil.<\/p>\n<p>Auf diese Weise m\u00fcssen Sie nicht in einen unserer Ausstellungsr\u00e4ume reisen, sondern wir kommen zu Ihnen nach Hause, ins B\u00fcro, ins Gesch\u00e4ft, ... damit Sie in aller Ruhe und ganz privat einige Massagesessel in unserem Showmobil ausprobieren k\u00f6nnen.<\/p>\n<p>W\u00e4hrend Ihrer privaten Vorf\u00fchrung k\u00f6nnen Sie unserem erfahrenen Personal alle Fragen stellen und, falls gew\u00fcnscht, den Kauf t\u00e4tigen und die notwendigen Vorkehrungen f\u00fcr die Lieferung treffen.<\/p>\n<p>Das Casada Showmobil steht f\u00fcr alle privaten Termine bereit, kann aber auch f\u00fcr Ihren Tag der offenen T\u00fcr, kleinere Veranstaltungen oder Gruppenvorf\u00fchrungen in Ihrem Unternehmen gebucht werden.<\/p>\n<p>Nehmen Sie Kontakt mit uns auf und wir vereinbaren einen Termin.<\/p>\t\t\t\t\t\t\t\t<\/div>\n\t\t\t\t<\/div>\n\t\t\t\t<\/div>\n\t\t\t\t\t<\/div>\n\t\t\t\t<\/div>\n\t\t<div class=\"elementor-element elementor-element-15a2c1e e-flex e-con-boxed e-con e-parent\" data-id=\"15a2c1e\" data-element_type=\"container\" data-e-type=\"container\">\n\t\t\t\t\t<div class=\"e-con-inner\">\n\t\t\t\t<div class=\"elementor-element elementor-element-651b02c elementor-widget elementor-widget-button\" data-id=\"651b02c\" data-element_type=\"widget\" data-e-type=\"widget\" data-widget_type=\"button.default\">\n\t\t\t\t<div class=\"elementor-widget-container\">\n\t\t\t\t\t\t\t\t\t<div class=\"elementor-button-wrapper\">\n\t\t\t\t\t<a class=\"elementor-button elementor-button-link elementor-size-sm\" href=\"mailto:info@medirelax.nl\">\n\t\t\t\t\t\t<span class=\"elementor-button-content-wrapper\">\n\t\t\t\t\t\t<span class=\"elementor-button-icon\">\n\t\t\t\t<svg aria-hidden=\"true\" class=\"e-font-icon-svg e-fas-phone-alt\" viewbox=\"0 0 512 512\" xmlns=\"http:\/\/www.w3.org\/2000\/svg\"><path d=\"M497.39 361.8l-112-48a24 24 0 0 0-28 6.9l-49.6 60.6A370.66 370.66 0 0 1 130.6 204.11l60.6-49.6a23.94 23.94 0 0 0 6.9-28l-48-112A24.16 24.16 0 0 0 122.6.61l-104 24A24 24 0 0 0 0 48c0 256.5 207.9 464 464 464a24 24 0 0 0 23.4-18.6l24-104a24.29 24.29 0 0 0-14.01-27.6z\"><\/path><\/svg>\t\t\t<\/span>\n\t\t\t\t\t\t\t\t\t<span class=\"elementor-button-text\">info@medirelax.nl<\/span>\n\t\t\t\t\t<\/span>\n\t\t\t\t\t<\/a>\n\t\t\t\t<\/div>\n\t\t\t\t\t\t\t\t<\/div>\n\t\t\t\t<\/div>\n\t\t\t\t<div class=\"elementor-element elementor-element-bdfda59 elementor-widget elementor-widget-button\" data-id=\"bdfda59\" data-element_type=\"widget\" data-e-type=\"widget\" data-widget_type=\"button.default\">\n\t\t\t\t<div class=\"elementor-widget-container\">\n\t\t\t\t\t\t\t\t\t<div class=\"elementor-button-wrapper\">\n\t\t\t\t\t<a class=\"elementor-button elementor-button-link elementor-size-sm\" href=\"tel:0032456811579\">\n\t\t\t\t\t\t<span class=\"elementor-button-content-wrapper\">\n\t\t\t\t\t\t<span class=\"elementor-button-icon\">\n\t\t\t\t<svg aria-hidden=\"true\" class=\"e-font-icon-svg e-fas-phone-alt\" viewbox=\"0 0 512 512\" xmlns=\"http:\/\/www.w3.org\/2000\/svg\"><path d=\"M497.39 361.8l-112-48a24 24 0 0 0-28 6.9l-49.6 60.6A370.66 370.66 0 0 1 130.6 204.11l60.6-49.6a23.94 23.94 0 0 0 6.9-28l-48-112A24.16 24.16 0 0 0 122.6.61l-104 24A24 24 0 0 0 0 48c0 256.5 207.9 464 464 464a24 24 0 0 0 23.4-18.6l24-104a24.29 24.29 0 0 0-14.01-27.6z\"><\/path><\/svg>\t\t\t<\/span>\n\t\t\t\t\t\t\t\t\t<span class=\"elementor-button-text\">+32 456 81 15 79<\/span>\n\t\t\t\t\t<\/span>\n\t\t\t\t\t<\/a>\n\t\t\t\t<\/div>\n\t\t\t\t\t\t\t\t<\/div>\n\t\t\t\t<\/div>\n\t\t\t\t\t<\/div>\n\t\t\t\t<\/div>\n\t\t\t\t<\/div>","protected":false},"excerpt":{"rendered":"<p>Heb je geen tijd of woon je te ver om de massagestoelen in onze showroom te testen? Ontdek dan de Casada Showmobil! De aankoop van een massagestoel is een weloverwogen beslissing, die u vaak niet alleen neemt. In plaats van enkel af te gaan op foto\u2019s en technische informatie, wil u hoogstwaarschijnlijk liever de massagestoel [&hellip;]<\/p>\n","protected":false},"author":1,"featured_media":0,"parent":0,"menu_order":0,"comment_status":"closed","ping_status":"closed","template":"","meta":{"footnotes":""},"class_list":["post-3952","page","type-page","status-publish","hentry"],"blocksy_meta":[],"yoast_head":"<!-- This site is optimized with the Yoast SEO plugin v27.4 - https:\/\/yoast.com\/product\/yoast-seo-wordpress\/ -->\n<title>Showmobil - Luxueus Ontspannen in onze Designer Massagestoelen<\/title>\n<meta name=\"robots\" content=\"index, follow, max-snippet:-1, max-image-preview:large, max-video-preview:-1\" \/>\n<link rel=\"canonical\" href=\"https:\/\/medirelax.nl\/de\/showmobil\/\" \/>\n<meta property=\"og:locale\" content=\"de_DE\" \/>\n<meta property=\"og:type\" content=\"article\" \/>\n<meta property=\"og:title\" content=\"Showmobil - Luxueus Ontspannen in onze Designer Massagestoelen\" \/>\n<meta property=\"og:description\" content=\"Heb je geen tijd of woon je te ver om de massagestoelen in onze showroom te testen? Ontdek dan de Casada Showmobil! De aankoop van een massagestoel is een weloverwogen beslissing, die u vaak niet alleen neemt. In plaats van enkel af te gaan op foto\u2019s en technische informatie, wil u hoogstwaarschijnlijk liever de massagestoel [&hellip;]\" \/>\n<meta property=\"og:url\" content=\"https:\/\/medirelax.nl\/de\/showmobil\/\" \/>\n<meta property=\"og:site_name\" content=\"MediRelaxa\" \/>\n<meta property=\"article:modified_time\" content=\"2024-09-28T11:56:53+00:00\" \/>\n<meta property=\"og:image\" content=\"https:\/\/medirelax.nl\/wp-content\/uploads\/2024\/09\/casada-levering.jpg\" \/>\n<meta name=\"twitter:card\" content=\"summary_large_image\" \/>\n<meta name=\"twitter:label1\" content=\"Gesch\u00e4tzte Lesezeit\" \/>\n\t<meta name=\"twitter:data1\" content=\"2\u00a0Minuten\" \/>\n<script type=\"application\/ld+json\" class=\"yoast-schema-graph\">{\"@context\":\"https:\\\/\\\/schema.org\",\"@graph\":[{\"@type\":\"WebPage\",\"@id\":\"https:\\\/\\\/medirelax.nl\\\/showmobil\\\/\",\"url\":\"https:\\\/\\\/medirelax.nl\\\/showmobil\\\/\",\"name\":\"Showmobil - Luxueus Ontspannen in onze Designer Massagestoelen\",\"isPartOf\":{\"@id\":\"https:\\\/\\\/medirelax.nl\\\/#website\"},\"primaryImageOfPage\":{\"@id\":\"https:\\\/\\\/medirelax.nl\\\/showmobil\\\/#primaryimage\"},\"image\":{\"@id\":\"https:\\\/\\\/medirelax.nl\\\/showmobil\\\/#primaryimage\"},\"thumbnailUrl\":\"https:\\\/\\\/medirelax.nl\\\/wp-content\\\/uploads\\\/2024\\\/09\\\/casada-levering.jpg\",\"datePublished\":\"2024-09-16T11:20:17+00:00\",\"dateModified\":\"2024-09-28T11:56:53+00:00\",\"inLanguage\":\"de\",\"potentialAction\":[{\"@type\":\"ReadAction\",\"target\":[\"https:\\\/\\\/medirelax.nl\\\/showmobil\\\/\"]}]},{\"@type\":\"ImageObject\",\"inLanguage\":\"de\",\"@id\":\"https:\\\/\\\/medirelax.nl\\\/showmobil\\\/#primaryimage\",\"url\":\"https:\\\/\\\/medirelax.nl\\\/wp-content\\\/uploads\\\/2024\\\/09\\\/casada-levering.jpg\",\"contentUrl\":\"https:\\\/\\\/medirelax.nl\\\/wp-content\\\/uploads\\\/2024\\\/09\\\/casada-levering.jpg\"},{\"@type\":\"WebSite\",\"@id\":\"https:\\\/\\\/medirelax.nl\\\/#website\",\"url\":\"https:\\\/\\\/medirelax.nl\\\/\",\"name\":\"MediRelaxa\",\"description\":\"Luxueus Ontspannen in onze Designer Massagestoelen\",\"publisher\":{\"@id\":\"https:\\\/\\\/medirelax.nl\\\/#organization\"},\"alternateName\":\"Ontspanning op elk moment: Beleef ultieme rust met onze massagestoelen.\",\"potentialAction\":[{\"@type\":\"SearchAction\",\"target\":{\"@type\":\"EntryPoint\",\"urlTemplate\":\"https:\\\/\\\/medirelax.nl\\\/?s={search_term_string}\"},\"query-input\":{\"@type\":\"PropertyValueSpecification\",\"valueRequired\":true,\"valueName\":\"search_term_string\"}}],\"inLanguage\":\"de\"},{\"@type\":\"Organization\",\"@id\":\"https:\\\/\\\/medirelax.nl\\\/#organization\",\"name\":\"MediRelaxa\",\"url\":\"https:\\\/\\\/medirelax.nl\\\/\",\"logo\":{\"@type\":\"ImageObject\",\"inLanguage\":\"de\",\"@id\":\"https:\\\/\\\/medirelax.nl\\\/#\\\/schema\\\/logo\\\/image\\\/\",\"url\":\"https:\\\/\\\/i0.wp.com\\\/medirelax.nl\\\/wp-content\\\/uploads\\\/2024\\\/06\\\/medirelaxa-logo-vierkant-nl.jpg?fit=1300%2C1300&ssl=1\",\"contentUrl\":\"https:\\\/\\\/i0.wp.com\\\/medirelax.nl\\\/wp-content\\\/uploads\\\/2024\\\/06\\\/medirelaxa-logo-vierkant-nl.jpg?fit=1300%2C1300&ssl=1\",\"width\":1300,\"height\":1300,\"caption\":\"MediRelaxa\"},\"image\":{\"@id\":\"https:\\\/\\\/medirelax.nl\\\/#\\\/schema\\\/logo\\\/image\\\/\"},\"sameAs\":[\"https:\\\/\\\/www.youtube.com\\\/@MediRelaxa\"]}]}<\/script>\n<!-- \/ Yoast SEO plugin. -->","yoast_head_json":{"title":"Showmobil - Luxuri\u00f6se Entspannung in unseren Designer-Massagesesseln","robots":{"index":"index","follow":"follow","max-snippet":"max-snippet:-1","max-image-preview":"max-image-preview:large","max-video-preview":"max-video-preview:-1"},"canonical":"https:\/\/medirelax.nl\/de\/showmobil\/","og_locale":"de_DE","og_type":"article","og_title":"Showmobil - Luxueus Ontspannen in onze Designer Massagestoelen","og_description":"Heb je geen tijd of woon je te ver om de massagestoelen in onze showroom te testen? Ontdek dan de Casada Showmobil! De aankoop van een massagestoel is een weloverwogen beslissing, die u vaak niet alleen neemt. In plaats van enkel af te gaan op foto\u2019s en technische informatie, wil u hoogstwaarschijnlijk liever de massagestoel [&hellip;]","og_url":"https:\/\/medirelax.nl\/de\/showmobil\/","og_site_name":"MediRelaxa","article_modified_time":"2024-09-28T11:56:53+00:00","og_image":[{"url":"https:\/\/medirelax.nl\/wp-content\/uploads\/2024\/09\/casada-levering.jpg","type":"","width":"","height":""}],"twitter_card":"summary_large_image","twitter_misc":{"Gesch\u00e4tzte Lesezeit":"2\u00a0Minuten"},"schema":{"@context":"https:\/\/schema.org","@graph":[{"@type":"WebPage","@id":"https:\/\/medirelax.nl\/showmobil\/","url":"https:\/\/medirelax.nl\/showmobil\/","name":"Showmobil - Luxuri\u00f6se Entspannung in unseren Designer-Massagesesseln","isPartOf":{"@id":"https:\/\/medirelax.nl\/#website"},"primaryImageOfPage":{"@id":"https:\/\/medirelax.nl\/showmobil\/#primaryimage"},"image":{"@id":"https:\/\/medirelax.nl\/showmobil\/#primaryimage"},"thumbnailUrl":"https:\/\/medirelax.nl\/wp-content\/uploads\/2024\/09\/casada-levering.jpg","datePublished":"2024-09-16T11:20:17+00:00","dateModified":"2024-09-28T11:56:53+00:00","inLanguage":"de","potentialAction":[{"@type":"ReadAction","target":["https:\/\/medirelax.nl\/showmobil\/"]}]},{"@type":"ImageObject","inLanguage":"de","@id":"https:\/\/medirelax.nl\/showmobil\/#primaryimage","url":"https:\/\/medirelax.nl\/wp-content\/uploads\/2024\/09\/casada-levering.jpg","contentUrl":"https:\/\/medirelax.nl\/wp-content\/uploads\/2024\/09\/casada-levering.jpg"},{"@type":"WebSite","@id":"https:\/\/medirelax.nl\/#website","url":"https:\/\/medirelax.nl\/","name":"MediRelaxa","description":"Luxuri\u00f6se Entspannung in unseren Designer-Massagesesseln","publisher":{"@id":"https:\/\/medirelax.nl\/#organization"},"alternateName":"Ontspanning op elk moment: Beleef ultieme rust met onze massagestoelen.","potentialAction":[{"@type":"SearchAction","target":{"@type":"EntryPoint","urlTemplate":"https:\/\/medirelax.nl\/?s={search_term_string}"},"query-input":{"@type":"PropertyValueSpecification","valueRequired":true,"valueName":"search_term_string"}}],"inLanguage":"de"},{"@type":"Organization","@id":"https:\/\/medirelax.nl\/#organization","name":"MediRelaxa","url":"https:\/\/medirelax.nl\/","logo":{"@type":"ImageObject","inLanguage":"de","@id":"https:\/\/medirelax.nl\/#\/schema\/logo\/image\/","url":"https:\/\/i0.wp.com\/medirelax.nl\/wp-content\/uploads\/2024\/06\/medirelaxa-logo-vierkant-nl.jpg?fit=1300%2C1300&ssl=1","contentUrl":"https:\/\/i0.wp.com\/medirelax.nl\/wp-content\/uploads\/2024\/06\/medirelaxa-logo-vierkant-nl.jpg?fit=1300%2C1300&ssl=1","width":1300,"height":1300,"caption":"MediRelaxa"},"image":{"@id":"https:\/\/medirelax.nl\/#\/schema\/logo\/image\/"},"sameAs":["https:\/\/www.youtube.com\/@MediRelaxa"]}]}},"jetpack_sharing_enabled":true,"_links":{"self":[{"href":"https:\/\/medirelax.nl\/de\/wp-json\/wp\/v2\/pages\/3952","targetHints":{"allow":["GET"]}}],"collection":[{"href":"https:\/\/medirelax.nl\/de\/wp-json\/wp\/v2\/pages"}],"about":[{"href":"https:\/\/medirelax.nl\/de\/wp-json\/wp\/v2\/types\/page"}],"author":[{"embeddable":true,"href":"https:\/\/medirelax.nl\/de\/wp-json\/wp\/v2\/users\/1"}],"replies":[{"embeddable":true,"href":"https:\/\/medirelax.nl\/de\/wp-json\/wp\/v2\/comments?post=3952"}],"version-history":[{"count":8,"href":"https:\/\/medirelax.nl\/de\/wp-json\/wp\/v2\/pages\/3952\/revisions"}],"predecessor-version":[{"id":4334,"href":"https:\/\/medirelax.nl\/de\/wp-json\/wp\/v2\/pages\/3952\/revisions\/4334"}],"wp:attachment":[{"href":"https:\/\/medirelax.nl\/de\/wp-json\/wp\/v2\/media?parent=3952"}],"curies":[{"name":"wp","href":"https:\/\/api.w.org\/{rel}","templated":true}]}}